{"id":701,"date":"2018-10-02T11:53:36","date_gmt":"2018-10-02T09:53:36","guid":{"rendered":"http:\/\/wpress.ca.infn.it\/?page_id=701"},"modified":"2019-05-13T12:04:25","modified_gmt":"2019-05-13T10:04:25","slug":"ad-alta-quota-per-scoprire-la-radioattivita-naturale","status":"publish","type":"page","link":"https:\/\/wpress.ca.infn.it\/?page_id=701","title":{"rendered":"RadioLab Summer School"},"content":{"rendered":"<div class=\"entry-header\">\n<p style=\"text-align: justify;\">Si \u00e8 conclusa venerd\u00ec 14 settembre la prima edizione della\u00a0<strong><em>RadioLab Summer School<\/em>,<\/strong> che quest\u2019anno \u00e8 stata ospitata presso il Rifugio Zamboni-Zappa di Macugnaga, ai piedi della parete Est del Monte Rosa. Un \u201crifugio scientifico\u201d in cui venti studenti provenienti da dieci regioni italiane hanno approfondito, in una settimana di\u00a0<em>full immersion,\u00a0<\/em>i temi della radioattivit\u00e0 naturale, collegandola alle sue origini geologiche e ai suoi effetti biologici sugli esseri viventi, oltre che alle varie tecniche di misura e all\u2019analisi dei dati.<img loading=\"lazy\" class=\"wp-image-882 alignright\" src=\"https:\/\/wpress.ca.infn.it\/wp-content\/uploads\/2018\/10\/imageRadioLabSumerSchool.jpg\" alt=\"\" width=\"438\" height=\"329\" \/><\/p>\n<p style=\"text-align: justify;\">I ragazzi, molto motivati e selezionati fra gli studenti che nello scorso anno scolastico hanno aderito alle attivit\u00e0 di <strong>RadioLab in dieci sezioni INFN<\/strong>, hanno partecipato con entusiasmo, insieme ai loro insegnanti, alle attivit\u00e0 sperimentali organizzate in un eccezionale laboratorio a cielo aperto a quota 2000 metri.<\/p>\n<p style=\"text-align: justify;\">La\u00a0<strong><em>Summer School<\/em>,<\/strong> organizzata con grande impegno da Flavia Groppi della sezione di Milano, \u00e8 una delle azioni realizzate nell\u2019ambito del <strong>progetto RadioLab<\/strong> (coordinato da Josette Imm\u00e8 della sezione di Catania e da Mariagabriella Pugliese della sezione di Napoli) finanziato dall\u2019Istituto Nazionale di Fisica Nucleare, che partecipa con undici Sezioni da tutta Italia.<\/p>\n<p style=\"text-align: justify;\"><strong>RadioLab<\/strong> vede Ricercatori <strong>INFN<\/strong> e Professori Universitari impegnati nella divulgazione della cultura scientifica con particolare attenzione alla Fisica Nucleare attraverso il coinvolgimento degli studenti delle Scuole Medie Superiori nella misurazione della radioattivit\u00e0 naturale e in particolare del gas radioattivo naturale radon-222. Questo progetto, nato una quindicina di anni fa dalla constatazione di una ignoranza diffusa, e conseguente paura, della gente sul tema della radioattivit\u00e0, affronta questo tema e lo rende pi\u00f9 accessibile al pubblico attraverso il coinvolgimento degli studenti delle scuole superiori. Sono questi che vengono iniziati sul tema delle radiazioni ionizzanti e che poi vengono coinvolti in un\u2019attivit\u00e0 sperimentale di misurazione della radioattivit\u00e0 naturale. Mediante un approccio prettamente sperimentale si fa capire loro come la radioattivit\u00e0 naturale \u00e8 una componente e una parte imprescindibile e ineliminabile dell\u2019ambiente in cui viviamo. Con questo progetto i ragazzi (circa un migliaio l\u2019anno) comprendono come le radiazioni ionizzanti fanno parte della nostra vita quotidiana, che le sorgenti di radioattivit\u00e0 si trovano nel suolo, nell\u2019acqua, nell\u2019aria che respiriamo e quali sono gli effetti di questa esposizione sulla salute dell\u2019uomo. Attraverso <strong>RadioLab<\/strong> si \u00e8 tentato inoltre di proporre una nuova modalit\u00e0 di insegnamento per i docenti di fisica delle scuole superiori che permetta di sviluppare negli studenti un interesse per le materie scientifiche, con particolare attenzione alle applicazioni della Fisica nucleare sia di tipo ambientale sia medico, nella diagnostica e radioterapia come contributo alla diagnosi e cura di importanti malattie. Attraverso RadioLab gli insegnanti vengono quindi opportunamente e correttamente formati su tali tematiche.<\/p>\n<p style=\"text-align: justify;\"><img loading=\"lazy\" class=\"wp-image-883 alignright\" src=\"https:\/\/wpress.ca.infn.it\/wp-content\/uploads\/2018\/10\/FOTO-GRUPPOSummerSchool-Radiolab-FILEminimizer.jpg\" alt=\"\" width=\"489\" height=\"326\" \/>Durante i cinque giorni trascorsi a Macugnaga i 20 studenti, hanno avuto modo, sotto la guida dei docenti universitari\/ricercatori INFN e anche di <strong>Paolo Randaccio della sezione di Cagliari,<\/strong> uno dei pionieri di questa attivit\u00e0, di ampliare le loro conoscenze su metodi di misura della radioattivit\u00e0, diversi da quelli utilizzati durante il progetto presso la propria scuola, avere incontri con esperti di geologia per approfondire le origini della radioattivit\u00e0 naturale, conoscere i risultati delle misure di radioattivit\u00e0 condotte nelle zone di Milano e Macugnaga in relazione all\u2019evento di Fukushima, oltre a legami con la letteratura italiana con testi scritti da Primo Levi, Fenoglio, Cognetti riguardanti la montagna. La settimana a Macugnaga \u00e8 stata per i ragazzi, coinvolti in attivit\u00e0 con una forte connotazione sperimentale e spesso condotte sul campo, un\u2019occasione in cui hanno condiviso fra loro i risultati ottenuti e le esperienze realizzate presso le rispettive scuole, i primi dati dell\u2019indagine nazionale sulla percezione del rischio radon, cos\u00ec come i dati acquisiti in campo durante la settimana. Anche per gli insegnanti che hanno accompagnato gli studenti la\u00a0<em>Summer School<\/em>\u00a0\u00e8 stata un\u2019occasione di formazione, di riflessione sui temi trattati e su come declinarli nei loro programmi scolastici, con la possibilit\u00e0 di implementare presso la propria scuola quanto hanno sperimentato durante la RadioLab\u00a0<em>Summer School<\/em>, di cui hanno particolarmente apprezzato la componente interdisciplinare e il legame con il territorio. Per loro \u00e8 stata un\u2019esperienza formativa importante, sicuramente da replicare con cadenza annuale.<\/p>\n<\/div>\n<div class=\"icons\"><\/div>\n<div>\n<p style=\"text-align: justify;\">\n<\/div>\n","protected":false},"excerpt":{"rendered":"<p>Si \u00e8 conclusa venerd\u00ec 14 settembre la prima edizione della\u00a0RadioLab Summer School, che quest\u2019anno \u00e8 stata ospitata presso il Rifugio Zamboni-Zappa di Macugnaga, ai piedi della parete Est del Monte Rosa. Un \u201crifugio scientifico\u201d in cui venti studenti provenienti da dieci regioni italiane hanno approfondito, in una settimana di\u00a0full immersion,\u00a0i temi della radioattivit\u00e0 naturale, collegandola [&hellip;]<\/p>\n","protected":false},"author":5,"featured_media":0,"parent":0,"menu_order":0,"comment_status":"closed","ping_status":"closed","template":"","meta":{"_editorskit_title_hidden":false,"_editorskit_reading_time":0,"_editorskit_is_block_options_detached":false,"_editorskit_block_options_position":"{}"},"_links":{"self":[{"href":"https:\/\/wpress.ca.infn.it\/index.php?rest_route=\/wp\/v2\/pages\/701"}],"collection":[{"href":"https:\/\/wpress.ca.infn.it\/index.php?rest_route=\/wp\/v2\/pages"}],"about":[{"href":"https:\/\/wpress.ca.infn.it\/index.php?rest_route=\/wp\/v2\/types\/page"}],"author":[{"embeddable":true,"href":"https:\/\/wpress.ca.infn.it\/index.php?rest_route=\/wp\/v2\/users\/5"}],"replies":[{"embeddable":true,"href":"https:\/\/wpress.ca.infn.it\/index.php?rest_route=%2Fwp%2Fv2%2Fcomments&post=701"}],"version-history":[{"count":11,"href":"https:\/\/wpress.ca.infn.it\/index.php?rest_route=\/wp\/v2\/pages\/701\/revisions"}],"predecessor-version":[{"id":1986,"href":"https:\/\/wpress.ca.infn.it\/index.php?rest_route=\/wp\/v2\/pages\/701\/revisions\/1986"}],"wp:attachment":[{"href":"https:\/\/wpress.ca.infn.it\/index.php?rest_route=%2Fwp%2Fv2%2Fmedia&parent=701"}],"curies":[{"name":"wp","href":"https:\/\/api.w.org\/{rel}","templated":true}]}}