{"id":608,"date":"2018-09-25T10:27:54","date_gmt":"2018-09-25T08:27:54","guid":{"rendered":"http:\/\/wpress.ca.infn.it\/?page_id=608"},"modified":"2023-05-30T19:28:40","modified_gmt":"2023-05-30T17:28:40","slug":"einstein-telescope","status":"publish","type":"page","link":"https:\/\/wpress.ca.infn.it\/?page_id=608","title":{"rendered":"Einstein Telescope"},"content":{"rendered":"<p style=\"text-align: justify;\"><strong><img loading=\"lazy\" class=\"alignnone wp-image-609 size-large\" src=\"https:\/\/wpress.ca.infn.it\/wp-content\/uploads\/2018\/09\/ET-1024x724.jpg\" alt=\"\" width=\"1024\" height=\"724\" srcset=\"https:\/\/wpress.ca.infn.it\/wp-content\/uploads\/2018\/09\/ET-1024x724.jpg 1024w, https:\/\/wpress.ca.infn.it\/wp-content\/uploads\/2018\/09\/ET-300x212.jpg 300w, https:\/\/wpress.ca.infn.it\/wp-content\/uploads\/2018\/09\/ET-768x543.jpg 768w, https:\/\/wpress.ca.infn.it\/wp-content\/uploads\/2018\/09\/ET.jpg 1200w\" sizes=\"(max-width: 1024px) 100vw, 1024px\" \/><\/strong><\/p>\n<p><strong>Sito web<\/strong><\/p>\n<p><a href=\"https:\/\/www.einstein-telescope.it\/\">Einstein Telescope<\/a>.<\/p>\n<p style=\"text-align: justify;\"><strong>L\u2019esperimento<\/strong><\/p>\n<p style=\"text-align: justify;\">Il progetto prevede la costruzione di un gigantesco interferometro sotterraneo triangolare per la ricerca delle onde gravitazionali. L\u2019osservatorio, che deve il suo nome ad Albert Einstein, sar\u00e0 collocato a una profondit\u00e0 tra i 100 e i 300 metri, per isolarlo dai movimenti delle onde sismiche, avr\u00e0 un perimetro di circa 30 km composto da bracci lunghi 10 km al cui interno saranno attraversati specchi di altissima qualit\u00e0 superficiale attraversati da un laser. Se un&#8217;onda gravitazionale attraversa l&#8217;interferometro, la lunghezza dei bracci oscilla e questa infinitesima variazione viene rivelata dall&#8217;esperimento. Et sar\u00e0 un osservatorio di terza generazione per la ricerca delle onde gravitazionali. Grazie alla sua estrema sensibilit\u00e0 alle basse frequenze, Et ci permetter\u00e0 di osservare con regolarit\u00e0 le onde gravitazionali inaugurando cos\u00ec l&#8217;era di un nuovo tipo di astronomia, l&#8217;astronomia gravitazionale di precisione.<\/p>\n<p style=\"text-align: justify;\"><strong>Tecnologia<\/strong><\/p>\n<p style=\"text-align: justify;\">L\u2019interferometro Et andr\u00e0 a caccia di onde gravitazionali, increspature dello spaziotempo che si propagano alla velocit\u00e0 della luce, generate da &#8221;cataclismi cosmici&#8221;, come l&#8217;esplosione di supernovae o lo scontro tra buchi neri o stelle a neutroni. La verifica dell&#8217;esistenza delle onde gravitazionali rappresenta il tassello mancante alla verifica sperimentale della Teoria della Relativit\u00e0 Generale di Albert Einstein. Prodotte da masse stellari in movimento accelerato, le onde gravitazionali, a causa della rigidit\u00e0 dello spaziotempo, hanno un&#8217;ampiezza infinitesima. Per questa loro caratteristica rivelarle \u00e8 davvero difficile ed occorrono strumenti di dimensione gigantesca, come i&nbsp;<em>detectors interferometrici<\/em>.<\/p>\n<p style=\"text-align: justify;\"><strong>Partecipanti\/ collaborazione<\/strong><\/p>\n<p style=\"text-align: justify;\">Nel nostro Paese \u00e8 gi\u00e0 in corso la caccia alle onde gravitazionali, grazie a un gigantesco e sensibilissimo interferometro laser: si tratta di Virgo, in attivit\u00e0 a Cascina, nella campagna pisana. Frutto di una collaborazione italo-francese tra INFN e CNRS e gestito dal consorzio EGO, Virgo \u00e8 un rivelatore di seconda generazione costituito da due bracci perpendicolari di 3 km ciascuno. Virgo collabora con altri tre interferometri: i due Ligo negli Stati Uniti e Geo600 in Germania. Il progetto Et \u00e8 sostenuto dalla Commissione Europea e inserito nel VII Programma Quadro; la comunit\u00e0 scientifica impegnata nello studio delle onde gravitazionali comprende pi\u00f9 di 200 scienziati provenienti dall&#8217;Europa e dal resto del mondo.<\/p>\n<p><\/p>\n\n\n<figure class=\"wp-block-image\"><img loading=\"lazy\" width=\"9912\" height=\"14044\" src=\"https:\/\/wpress.ca.infn.it\/wp-content\/uploads\/2018\/11\/ET.jpg\" alt=\"\" class=\"wp-image-1372\"\/><\/figure>\n","protected":false},"excerpt":{"rendered":"<p>Sito web Einstein Telescope. L\u2019esperimento Il progetto prevede la costruzione di un gigantesco interferometro sotterraneo triangolare per la ricerca delle onde gravitazionali. L\u2019osservatorio, che deve il suo nome ad Albert Einstein, sar\u00e0 collocato a una profondit\u00e0 tra i 100 e i 300 metri, per isolarlo dai movimenti delle onde sismiche, avr\u00e0 un perimetro di circa [&hellip;]<\/p>\n","protected":false},"author":5,"featured_media":0,"parent":0,"menu_order":0,"comment_status":"closed","ping_status":"closed","template":"","meta":{"_editorskit_title_hidden":false,"_editorskit_reading_time":0,"_editorskit_is_block_options_detached":false,"_editorskit_block_options_position":"{}"},"_links":{"self":[{"href":"https:\/\/wpress.ca.infn.it\/index.php?rest_route=\/wp\/v2\/pages\/608"}],"collection":[{"href":"https:\/\/wpress.ca.infn.it\/index.php?rest_route=\/wp\/v2\/pages"}],"about":[{"href":"https:\/\/wpress.ca.infn.it\/index.php?rest_route=\/wp\/v2\/types\/page"}],"author":[{"embeddable":true,"href":"https:\/\/wpress.ca.infn.it\/index.php?rest_route=\/wp\/v2\/users\/5"}],"replies":[{"embeddable":true,"href":"https:\/\/wpress.ca.infn.it\/index.php?rest_route=%2Fwp%2Fv2%2Fcomments&post=608"}],"version-history":[{"count":9,"href":"https:\/\/wpress.ca.infn.it\/index.php?rest_route=\/wp\/v2\/pages\/608\/revisions"}],"predecessor-version":[{"id":3612,"href":"https:\/\/wpress.ca.infn.it\/index.php?rest_route=\/wp\/v2\/pages\/608\/revisions\/3612"}],"wp:attachment":[{"href":"https:\/\/wpress.ca.infn.it\/index.php?rest_route=%2Fwp%2Fv2%2Fmedia&parent=608"}],"curies":[{"name":"wp","href":"https:\/\/api.w.org\/{rel}","templated":true}]}}