{"id":606,"date":"2018-09-25T10:23:25","date_gmt":"2018-09-25T08:23:25","guid":{"rendered":"http:\/\/wpress.ca.infn.it\/?page_id=606"},"modified":"2022-02-02T12:21:49","modified_gmt":"2022-02-02T11:21:49","slug":"cagliari-2020","status":"publish","type":"page","link":"https:\/\/wpress.ca.infn.it\/?page_id=606","title":{"rendered":"Cagliari 2020"},"content":{"rendered":"<p style=\"text-align: justify;\"><img loading=\"lazy\" class=\"size-medium wp-image-631 alignleft\" src=\"http:\/\/wpress.ca.infn.it\/wp-content\/uploads\/2018\/09\/PosterCa2020-300x217.png\" alt=\"\" width=\"300\" height=\"217\" srcset=\"https:\/\/wpress.ca.infn.it\/wp-content\/uploads\/2018\/09\/PosterCa2020-300x217.png 300w, https:\/\/wpress.ca.infn.it\/wp-content\/uploads\/2018\/09\/PosterCa2020-768x555.png 768w, https:\/\/wpress.ca.infn.it\/wp-content\/uploads\/2018\/09\/PosterCa2020-1024x740.png 1024w, https:\/\/wpress.ca.infn.it\/wp-content\/uploads\/2018\/09\/PosterCa2020.png 1529w\" sizes=\"(max-width: 300px) 100vw, 300px\" \/>Il progetto <strong>CAGLIARI 2020<\/strong> \u00e8 un\u2019iniziativa proposta da una partnership di enti e aziende del Sud Sardegna (Vitrociset Spa, CRS4, Universit\u00e0 di Cagliari, <strong>INFN<\/strong>, The Space) per lo sviluppo di tecnologie ICT tese ad ottimizzare l&#8217;uso del sistema citt\u00e0 e a migliorare la qualit\u00e0 della vita delle persone che in citt\u00e0 risiedono e\/o operano.<\/p>\n<p style=\"text-align: justify;\">Obiettivo primario di <strong>CAGLIARI 2020<\/strong> \u00e8 lo sviluppo di soluzioni innovative per la mobilit\u00e0 urbana (ed eventualmente metropolitana) a basso impatto ambientale, al fine di migliorare le performance energetiche e ambientali della citt\u00e0.<\/p>\n<p style=\"text-align: justify;\">La proposta nasce dall\u2019esigenza sempre maggiore di strumenti e soluzioni tecnologiche che consentano l\u2019ottimizzazione del trasporto urbano con riduzione dei tempi di percorrenza e il miglioramento della qualit\u00e0 dell\u2019aria. Cagliari \u00e8 un case study ideale per lo sviluppo e la sperimentazione in questo scenario, anche perch\u00e9 \u00e8 gi\u00e0 operativo un sistema di gestione centralizzata del trasporto pubblico all\u2019avanguardia in Europa.<img loading=\"lazy\" class=\"size-medium wp-image-629 alignright\" src=\"http:\/\/wpress.ca.infn.it\/wp-content\/uploads\/2018\/09\/Partners-CA2020-300x219.png\" alt=\"\" width=\"300\" height=\"219\" srcset=\"https:\/\/wpress.ca.infn.it\/wp-content\/uploads\/2018\/09\/Partners-CA2020-300x219.png 300w, https:\/\/wpress.ca.infn.it\/wp-content\/uploads\/2018\/09\/Partners-CA2020-768x561.png 768w, https:\/\/wpress.ca.infn.it\/wp-content\/uploads\/2018\/09\/Partners-CA2020-1024x748.png 1024w, https:\/\/wpress.ca.infn.it\/wp-content\/uploads\/2018\/09\/Partners-CA2020.png 1342w\" sizes=\"(max-width: 300px) 100vw, 300px\" \/><\/p>\n<p style=\"text-align: justify;\"><strong>CAGLIARI 2020<\/strong> \u00e8 basato sulla ricerca e sperimentazione di una rete di sensori composta da:<\/p>\n<ol style=\"text-align: justify;\">\n<li>sensori fissi per il tracciamento dei veicoli in ingresso\/uscita dall&#8217;area urbana, consentendo un\u2019analisi, sia in tempo reale che storica, in grado di fornire le informazioni necessarie per la gestione dei sistemi semaforici e l&#8217;invio di informazioni all&#8217;utenza per l&#8217;ottimizzazione dei percorsi;<\/li>\n<li>sensori mobili d&#8217;acquisizione dei parametri ambientali, che fornir\u00e0 i dati in ingresso ai modelli di pianificazione delle azioni per il contenimento delle emissioni e il miglioramento della qualit\u00e0 dell&#8217;aria.<\/li>\n<li>dispositivi mobili per l&#8217;acquisizione delle abitudini di spostamento delle persone<\/li>\n<\/ol>\n<p style=\"text-align: justify;\">L&#8217;integrazione della modellistica ambientale nei sistemi per la gestione intelligente del trasporto consentir\u00e0 l&#8217;ottimizzazione dei flussi di traffico pubblico e privato nell&#8217;area urbana e il controllo e\u00a0 la riduzione delle emissioni di sostanze inquinanti.<\/p>\n<p style=\"text-align: justify;\">L\u2019innovazione del progetto <strong>CAGLIARI 2020<\/strong> si basa sull\u2019applicazione del paradigma \u201cnetcentrico\u201d attraverso una rete dinamica e pervasiva (<em>urban information grid<\/em>) i cui nodi possono essere sia fissi che mobili, abilitando l\u2019integrazione sensoriale delle apparecchiature distribuite e la trasformazione dei mezzi pubblici e di trasporto pubblico in \u201cpiattaforme mobili\u201d di monitoraggio della viabilit\u00e0 cittadina, mediante l&#8217;acquisizione continua di dati relativi al traffico, alle emissioni, ai livelli di pressione sonora. Questo consente di sviluppare modelli di analisi dei parametri ambientali al fine di fornire strumenti di pianificazione delle azioni di contenimento di flussi di traffico, dei consumi energetici e delle emissioni di CO2 nelle aree urbane in conformit\u00e0 alle Guidelines della Covenant of Mayors per il raggiungimento degli obiettivi 20\u201020\u201020 della Commissione Europea (associazione che ad oggi include oltre 3500 municipalit\u00e0 sparse per l&#8217;Europa).<\/p>\n<p style=\"text-align: justify;\">Attraverso l\u2019integrazione delle informazioni acquisite con le abitudini di spostamento delle persone (mediante il tracciamento anonimo dei loro dispositivi mobili) \u00e8 possibile creare mappe di mobilit\u00e0 delle persone.<\/p>\n<p style=\"text-align: justify;\">Il progetto vuole oltremodo stimolare e agevolare la creazione di nuove realt\u00e0 imprenditoriali multisettoriali orientate allo sviluppo di servizi per la pianificazione della mobilit\u00e0 e dei consumi energetici correlati e la conseguente riduzione delle emissioni, e fornire alle organizzazioni pubbliche coinvolte nel progetto strumenti avanzati di supporto alle decisioni basati su modelli innovativi in compliance con le direttive della Covenant of Mayors.<\/p>\n<p>Per maggiori informazioni visita il sito IFN del progetto:\u00a0<a href=\"http:\/\/ca2020.ca.infn.it\/\" target=\"_blank\" rel=\"noopener noreferrer\">http:\/\/ca2020.ca.infn.it\/<\/a><\/p>\n<p>Per restare aggiornati sullo stato dell&#8217;arte del progetto clicca sul seguente <a href=\"https:\/\/youtu.be\/l9xR2R5b94w\" target=\"_blank\" rel=\"noopener\">link<\/a>. Attraverso la voce e le immagini dei ricercatori coinvolti nel progetto, potrai scoprire da vicino la ricerca e gli sviluppi tecnologici di Cagliari2020.<\/p>\n<p><img loading=\"lazy\" class=\"wp-image-919 aligncenter\" src=\"http:\/\/wpress.ca.infn.it\/wp-content\/uploads\/2018\/10\/PosterCA2020.jpg\" alt=\"\" width=\"551\" height=\"734\" \/><\/p>\n<p><img loading=\"lazy\" class=\"aligncenter wp-image-677 size-full\" src=\"http:\/\/wpress.ca.infn.it\/wp-content\/uploads\/2018\/09\/PosterCA2020.jpg\" alt=\"\" width=\"1439\" height=\"1918\" \/><\/p>\n","protected":false},"excerpt":{"rendered":"<p>Il progetto CAGLIARI 2020 \u00e8 un\u2019iniziativa proposta da una partnership di enti e aziende del Sud Sardegna (Vitrociset Spa, CRS4, Universit\u00e0 di Cagliari, INFN, The Space) per lo sviluppo di tecnologie ICT tese ad ottimizzare l&#8217;uso del sistema citt\u00e0 e a migliorare la qualit\u00e0 della vita delle persone che in citt\u00e0 risiedono e\/o operano. Obiettivo [&hellip;]<\/p>\n","protected":false},"author":5,"featured_media":0,"parent":0,"menu_order":0,"comment_status":"closed","ping_status":"closed","template":"","meta":{"_editorskit_title_hidden":false,"_editorskit_reading_time":2,"_editorskit_is_block_options_detached":false,"_editorskit_block_options_position":"{}"},"_links":{"self":[{"href":"https:\/\/wpress.ca.infn.it\/index.php?rest_route=\/wp\/v2\/pages\/606"}],"collection":[{"href":"https:\/\/wpress.ca.infn.it\/index.php?rest_route=\/wp\/v2\/pages"}],"about":[{"href":"https:\/\/wpress.ca.infn.it\/index.php?rest_route=\/wp\/v2\/types\/page"}],"author":[{"embeddable":true,"href":"https:\/\/wpress.ca.infn.it\/index.php?rest_route=\/wp\/v2\/users\/5"}],"replies":[{"embeddable":true,"href":"https:\/\/wpress.ca.infn.it\/index.php?rest_route=%2Fwp%2Fv2%2Fcomments&post=606"}],"version-history":[{"count":9,"href":"https:\/\/wpress.ca.infn.it\/index.php?rest_route=\/wp\/v2\/pages\/606\/revisions"}],"predecessor-version":[{"id":3258,"href":"https:\/\/wpress.ca.infn.it\/index.php?rest_route=\/wp\/v2\/pages\/606\/revisions\/3258"}],"wp:attachment":[{"href":"https:\/\/wpress.ca.infn.it\/index.php?rest_route=%2Fwp%2Fv2%2Fmedia&parent=606"}],"curies":[{"name":"wp","href":"https:\/\/api.w.org\/{rel}","templated":true}]}}