{"id":430,"date":"2018-09-18T11:32:04","date_gmt":"2018-09-18T09:32:04","guid":{"rendered":"http:\/\/wpress.ca.infn.it\/?page_id=430"},"modified":"2021-07-16T01:49:58","modified_gmt":"2021-07-15T23:49:58","slug":"linfn-nel-mondo","status":"publish","type":"page","link":"https:\/\/wpress.ca.infn.it\/?page_id=430","title":{"rendered":"L&#8217;INFN nel mondo"},"content":{"rendered":"<p style=\"text-align: justify;\">L\u2019INFN \u00e8 una importante realt\u00e0 presente in cinque continenti e in oltre 30 paesi tra cui: Argentina, Armenia, Australia, Belgio, Brasile, Bulgaria, Canada, Corea del Sud, Cina, Croazia, Danimarca, Finlandia, Francia, Germania, Giappone, Grecia, India, Israele, Olanda, Polonia, Portogallo, Regno Unito, Romania, Russia, Repubblica Ceca, Repubblica Slovacca, Spagna, Slovenia, Svezia , Svizzera, Turchia, Ucraina, Ungheria, USA.<img loading=\"lazy\" class=\"size-full wp-image-431 alignright\" src=\"http:\/\/wpress.ca.infn.it\/wp-content\/uploads\/2018\/09\/INFN-nel-mondo.jpg\" alt=\"\" width=\"214\" height=\"210\" \/><\/p>\n<p style=\"text-align: justify;\">Questa condizione di forte internazionalizzazione \u00e8 anche dettata dalla natura globale della collaborazione scientifica nel campo della fisica. Una natura radicata nella storia e nel presente, tant\u2019\u00e8 che ormai gran parte della attivit\u00e0 scientifica promossa e condotta dall\u2019istituto si svolge nell\u2019ambito di collaborazioni, sia presso laboratori stranieri e internazionali, sia presso proprie strutture in Italia, che vedono la presenza di molti scienziati provenienti da tutto il mondo.<\/p>\n<p style=\"text-align: justify;\">Tra le tante attivit\u00e0 internazionali \u00e8 di primaria importanza quella che si svolge presso il\u00a0<a href=\"http:\/\/public.web.cern.ch\/public\/\" target=\"_blank\" rel=\"noopener\">CERN\u00a0<\/a>di Ginevra. L\u2019Italia \u00e8 tra i paesi fondatori del laboratorio europeo e, per tramite dell\u2019INFN, \u00e8 tuttora uno dei membri pi\u00f9 attivi.<\/p>\n<p style=\"text-align: justify;\">Al CERN operano gruppi di ricerca INFN, per complessivi circa 1000 ricercatori, impegnati in tutti gli esperimenti condotti sia con l\u2019acceleratore di particelle LHC (<a href=\"http:\/\/web.infn.it\/cms\/\" target=\"_blank\" rel=\"noopener\">CMS<\/a>,\u00a0<a href=\"http:\/\/web.infn.it\/atlas\/\" target=\"_blank\" rel=\"noopener\">ATLAS<\/a>,\u00a0<a href=\"http:\/\/aliceinfo.cern.ch\/\" target=\"_blank\" rel=\"noopener\">ALICE<\/a>,\u00a0<a href=\"http:\/\/web.infn.it\/lhcb\/\" target=\"_blank\" rel=\"noopener\">LHCb<\/a>,\u00a0<a href=\"http:\/\/www.stelab.nagoya-u.ac.jp\/LHCf\/LHCf\/index.html\" target=\"_blank\" rel=\"noopener\">LHCf<\/a>,\u00a0<a href=\"http:\/\/totem-experiment.web.cern.ch\/totem-experiment\/\" target=\"_blank\" rel=\"noopener\">Totem<\/a>) che con l\u2019acceleratore SPS (<a href=\"http:\/\/wwwcompass.cern.ch\/\" target=\"_blank\" rel=\"noopener\">COMPASS<\/a>).<\/p>\n<p style=\"text-align: justify;\">L\u2019INFN \u00e8 anche molto impegnato nelle attivit\u00e0 sperimentali che si svolgono presso altri grandi Laboratori all\u2019estero come\u00a0<a href=\"http:\/\/www.fnal.gov\/\" target=\"_blank\" rel=\"noopener\">FERMILAB<\/a>,\u00a0<a href=\"http:\/\/www.slac.stanford.edu\/\" target=\"_blank\" rel=\"noopener\">SLAC<\/a>,\u00a0<a href=\"http:\/\/www.bnl.gov\/world\/\" target=\"_blank\" rel=\"noopener\">BNL<\/a>, e\u00a0<a href=\"https:\/\/www.jlab.org\/about-jefferson-lab\" target=\"_blank\" rel=\"noopener\">JLAB<\/a>\u00a0 (Stati Uniti);\u00a0<a href=\"http:\/\/www.pnpi.spb.ru\/index.html.en\" target=\"_blank\" rel=\"noopener\">PNPI<\/a>,\u00a0<a href=\"http:\/\/www.inp.nsk.su\/index.en.shtml\" target=\"_blank\" rel=\"noopener\">BINP<\/a>\u00a0e\u00a0<a href=\"http:\/\/www.jinr.ru\/\" target=\"_blank\" rel=\"noopener\">JINR<\/a> (Federazione Russa);\u00a0 <a href=\"http:\/\/www.ciae.ac.cn\/eng\/index.htm\" target=\"_blank\" rel=\"noopener\">CIAE<\/a>\u00a0e\u00a0<a href=\"http:\/\/english.ihep.cas.cn\/\" target=\"_blank\" rel=\"noopener\">IHEP<\/a>\u00a0(Cina);\u00a0 <a href=\"http:\/\/www.riken.go.jp\/engn\/\" target=\"_blank\" rel=\"noopener\">RIKEN<\/a>\u00a0e\u00a0<a href=\"http:\/\/legacy.kek.jp\/intra-e\/index.html\" target=\"_blank\" rel=\"noopener\">KEK<\/a> (Giappone);\u00a0\u00a0<a href=\"http:\/\/www.barc.ernet.in\/\" target=\"_blank\" rel=\"noopener\">BARC\u00a0<\/a>(India),\u00a0<a href=\"http:\/\/www.desy.de\/\" target=\"_blank\" rel=\"noopener\">DESY<\/a>\u00a0e\u00a0<a href=\"http:\/\/www.gsi.de\/portrait\/index_e.html\" target=\"_blank\" rel=\"noopener\">GSI<\/a>(Germania), <a href=\"http:\/\/www.esrf.eu\/\" target=\"_blank\" rel=\"noopener\">ESRF<\/a> (Francia),\u00a0<a href=\"http:\/\/www.ethrat.ch\/it\/node\/793\/\" target=\"_blank\" rel=\"noopener\">PSI\u00a0<\/a>(Svizzera) ecc.<\/p>\n<p style=\"text-align: justify;\">In Italia, la collaborazione internazionale \u00e8 soprattutto concentrata presso i quattro Laboratori Nazionali dell\u2019istituto dove sono in funzione, e a disposizione della comunit\u00e0 scientifica, i pi\u00f9 grossi apparati sperimentali. Tra le attivit\u00e0 svolte in Italia con un forte carattere internazionale, esiste anche quella di Cascina, nei pressi di Pisa, dove \u00e8 in funzione l\u2019antenna interferometrica\u00a0<a href=\"http:\/\/www.ego-gw.it\/\" target=\"_blank\" rel=\"noopener\">VIRGO<\/a>, un progetto condotto in joint-venture con il\u00a0<a href=\"http:\/\/www.in2p3.fr\/\" target=\"_blank\" rel=\"noopener\">CNRS IN2P3<\/a>\u00a0francese.<\/p>\n<p style=\"text-align: justify;\">L\u2019INFN inoltre partecipa a programmi europei nei settori del calcolo scientifico e della fisica nucleare. Insieme a numerose istituzioni di ricerca dei maggiori paesi europei \u00e8 fondatore di\u00a0<a href=\"http:\/\/www.appec.org\/\" target=\"_blank\" rel=\"noopener\">ApPEC<\/a>\u00a0(Astroparticle Physics European Coordination); e\u2019 socio fondatore del Consorzio italo-francese \u201cEuropean Gravitational Observatory\u201d\u00a0<a href=\"http:\/\/www.ego-gw.it\/\" target=\"_blank\" rel=\"noopener\">EGO<\/a>\u00a0(Cascina-Pisa); e\u2019 socio della \u201cEuropean Science Foundation\u201d (<a href=\"http:\/\/www.esf.org\/\" target=\"_blank\" rel=\"noopener\">ESF<\/a>) di Strasburgo; coordina il programma europeo-indiano per la diffusione di GRID in India\u00a0<a href=\"http:\/\/www.euindiagrid.eu\/\" target=\"_blank\" rel=\"noopener\">EU-IndiaGRID2<\/a>\u00a0. Ha propri rappresentanti nel comitato di esperti\u00a0<a href=\"http:\/\/www.nupecc.org\/\" target=\"_blank\" rel=\"noopener\">NuPECC<\/a>\u00a0(Nuclear Physics European Collaboration Committee), nel comitato scientifico PESC (Physical and Engineering Sciences) di ESF, in\u00a0<a href=\"http:\/\/www.fnal.gov\/directorate\/icfa\/\" target=\"_blank\" rel=\"noopener\">ICFA\u00a0<\/a>(International Committee Future Accelerators), in\u00a0<a href=\"http:\/\/ecfa.web.cern.ch\/ecfa\/en\/Welcome.html\" target=\"_blank\" rel=\"noopener\">ECFA<\/a>\u00a0(European Committee Future Accelerators) e in\u00a0<a href=\"http:\/\/www.linearcollider.org\/about\/The-people\/Directorate-and-committees\/FALC\" target=\"_blank\" rel=\"noopener\">FALC<\/a>\u00a0(Funding Agencies for Large Colliders). \u00c8 socio della European Association for the Promotion of Science and Technology (<a href=\"http:\/\/www.euroscience.org\/\" target=\"_blank\" rel=\"noopener\">EUROSCIENCE<\/a>) di Strasburgo; \u00e8 azionista, insieme al CNR, dell\u2019European Synchrotron Radiation Facility (<a href=\"http:\/\/www.esrf.eu\/\" target=\"_blank\" rel=\"noopener\">ESRF<\/a>) di Grenoble.<\/p>\n","protected":false},"excerpt":{"rendered":"<p>L\u2019INFN \u00e8 una importante realt\u00e0 presente in cinque continenti e in oltre 30 paesi tra cui: Argentina, Armenia, Australia, Belgio, Brasile, Bulgaria, Canada, Corea del Sud, Cina, Croazia, Danimarca, Finlandia, Francia, Germania, Giappone, Grecia, India, Israele, Olanda, Polonia, Portogallo, Regno Unito, Romania, Russia, Repubblica Ceca, Repubblica Slovacca, Spagna, Slovenia, Svezia , Svizzera, Turchia, Ucraina, Ungheria, [&hellip;]<\/p>\n","protected":false},"author":5,"featured_media":0,"parent":0,"menu_order":0,"comment_status":"closed","ping_status":"closed","template":"","meta":{"_editorskit_title_hidden":false,"_editorskit_reading_time":0,"_editorskit_is_block_options_detached":false,"_editorskit_block_options_position":"{}"},"_links":{"self":[{"href":"https:\/\/wpress.ca.infn.it\/index.php?rest_route=\/wp\/v2\/pages\/430"}],"collection":[{"href":"https:\/\/wpress.ca.infn.it\/index.php?rest_route=\/wp\/v2\/pages"}],"about":[{"href":"https:\/\/wpress.ca.infn.it\/index.php?rest_route=\/wp\/v2\/types\/page"}],"author":[{"embeddable":true,"href":"https:\/\/wpress.ca.infn.it\/index.php?rest_route=\/wp\/v2\/users\/5"}],"replies":[{"embeddable":true,"href":"https:\/\/wpress.ca.infn.it\/index.php?rest_route=%2Fwp%2Fv2%2Fcomments&post=430"}],"version-history":[{"count":2,"href":"https:\/\/wpress.ca.infn.it\/index.php?rest_route=\/wp\/v2\/pages\/430\/revisions"}],"predecessor-version":[{"id":3146,"href":"https:\/\/wpress.ca.infn.it\/index.php?rest_route=\/wp\/v2\/pages\/430\/revisions\/3146"}],"wp:attachment":[{"href":"https:\/\/wpress.ca.infn.it\/index.php?rest_route=%2Fwp%2Fv2%2Fmedia&parent=430"}],"curies":[{"name":"wp","href":"https:\/\/api.w.org\/{rel}","templated":true}]}}