{"id":411,"date":"2018-09-18T11:02:34","date_gmt":"2018-09-18T09:02:34","guid":{"rendered":"http:\/\/wpress.ca.infn.it\/?page_id=411"},"modified":"2021-07-18T15:49:48","modified_gmt":"2021-07-18T13:49:48","slug":"linfn-in-sardegna","status":"publish","type":"page","link":"https:\/\/wpress.ca.infn.it\/?page_id=411","title":{"rendered":"L&#8217;INFN in Sardegna"},"content":{"rendered":"<p style=\"text-align: justify;\"><img loading=\"lazy\" class=\"size-medium wp-image-412 alignright\" src=\"http:\/\/wpress.ca.infn.it\/wp-content\/uploads\/2018\/09\/Sardegna-con-logo-226x300.jpg\" alt=\"\" width=\"226\" height=\"300\" srcset=\"https:\/\/wpress.ca.infn.it\/wp-content\/uploads\/2018\/09\/Sardegna-con-logo-226x300.jpg 226w, https:\/\/wpress.ca.infn.it\/wp-content\/uploads\/2018\/09\/Sardegna-con-logo.jpg 287w\" sizes=\"(max-width: 226px) 100vw, 226px\" \/>Merita una particolare attenzione l\u2019attivit\u00e0 sul territorio.<\/p>\n<p style=\"text-align: justify;\">In questo caso trova piena giustificazione l\u2019ossimoro \u201cl\u2019utilit\u00e0 del sapere inutile\u201d (coniato da Abraham Flexner, l\u2019uomo che fond\u00f2 l\u2019Institute of Advanced Study e chiam\u00f2 Albert Einstein a lavorarvi).<\/p>\n<p style=\"text-align: justify;\">Tre grandi iniziative infatti mostrano ancora una volta che la ricerca fondamentale e l\u2019eccellenza scientifica possono essere motori di innovazione e sviluppo, in grado di valorizzare il tessuto sociale ed economico del territorio.<\/p>\n<p style=\"text-align: justify;\"><strong><img loading=\"lazy\" class=\"size-medium wp-image-591 alignleft\" src=\"http:\/\/wpress.ca.infn.it\/wp-content\/uploads\/2018\/09\/foto_ARIA_composizione_l-300x176.jpg\" alt=\"\" width=\"300\" height=\"176\" srcset=\"https:\/\/wpress.ca.infn.it\/wp-content\/uploads\/2018\/09\/foto_ARIA_composizione_l-300x176.jpg 300w, https:\/\/wpress.ca.infn.it\/wp-content\/uploads\/2018\/09\/foto_ARIA_composizione_l-768x450.jpg 768w, https:\/\/wpress.ca.infn.it\/wp-content\/uploads\/2018\/09\/foto_ARIA_composizione_l-1024x600.jpg 1024w, https:\/\/wpress.ca.infn.it\/wp-content\/uploads\/2018\/09\/foto_ARIA_composizione_l.jpg 1200w\" sizes=\"(max-width: 300px) 100vw, 300px\" \/>Darkside \u2013 Aria <\/strong>ovvero come la ricerca della \u201cmateria oscura\u201d un elemento fondamentale del nostro universo possa riqualificare una miniera di carbone in chiusura trasformandola in un elemento chiave per una grande collaborazione internazionale di ricerca (che ha visto di recente a Cagliari la visita del nobel Arthur Mcdonald) e in un apparato con straordinarie opportunit\u00e0 per la produzione di gas per la ricerca biomedica.<\/p>\n<p style=\"text-align: justify;\"><strong>Cagliari-2020<\/strong> ovvero un progetto <em>Smart Cities<\/em> da 25 M\u20ac finanziato dal Programma Operativo Nazionale Ricerca, dove l\u2019INFN trasferisce tecnologie ed esperienza sviluppate nei grandi esperimenti ad LHC a beneficio dello sviluppo di sistemi avanzati per la gestione della mobilit\u00e0 urbana.<\/p>\n<p style=\"text-align: justify;\"><strong>Einstein Telescope <\/strong>\u2013 ultima ma non ultima la prospettiva di ospitare in Sardegna, una grande infrastruttura di ricerca (oltre 500 M\u20ac di investimenti)\u00a0 il futuro laboratorio europeo delle onde gravitazionali, denominato Einstein Telescope.<img loading=\"lazy\" class=\"alignright wp-image-2230 size-full\" src=\"https:\/\/wpress.ca.infn.it\/wp-content\/uploads\/2019\/09\/Rendering-artistico-ET-e1570037509953.jpg\" alt=\"\" width=\"300\" height=\"190\" \/> La scoperta delle onde gravitazionali, a 100 anni dalla Teoria della Relativit\u00e0 Generale di Einstein, da parte della collaborazione LIGO-VIRGO ha condotto all\u2019attribuzione del nobel per la fisica 2018. Questa scoperta, unitamente a nuovi straordinari risultati ottenuti dall\u2019uso simultaneo delle antenne americane di LIGO e di quella europea di VIRGO (operante in Italia grazie al contributo dell\u2019INFN) hanno determinato il rilancio dell\u2019idea di realizzare un grande laboratorio sotterraneo dedicato allo studio delle onde gravitazionali.<\/p>\n<p style=\"text-align: justify;\">Nel 2017 la regione Sardegna ha finanziato un progetto di ricerca dell\u2019Universit\u00e0 di Sassari, in collaborazione con l\u2019INFN con 1 milione di euro. A marzo 2018 il Ministero dell\u2019Istruzione Universit\u00e0 e Ricerca ha ufficializzato la candidatura italiana finanziando il progetto con 17 milioni di euro. Il sito \u00e8 una miniera nel nord Sardegna, presso Lula. In virt\u00f9 delle sue peculiarit\u00e0 geosismiche e del ridotto disturbo ambientale il sito compete molto bene con gli altri due\u00a0 candidati il Olanda e Ungheria.\u00a0 Ospitare Einstein Telescope rappresenta una straordinaria opportunit\u00e0 di innovazione per la Sardegna e per il paese.\u00a0 L\u2019INFN,\u00a0 capitalizza in questo progetto decenni di ricerca e di leadership in questo settore e unitamente alle Universit\u00e0 e alla comunit\u00e0 della ricerca sul territorio, sta mettendo il massimo impegno per il successo di questa iniziativa.<\/p>\n","protected":false},"excerpt":{"rendered":"<p>Merita una particolare attenzione l\u2019attivit\u00e0 sul territorio. In questo caso trova piena giustificazione l\u2019ossimoro \u201cl\u2019utilit\u00e0 del sapere inutile\u201d (coniato da Abraham Flexner, l\u2019uomo che fond\u00f2 l\u2019Institute of Advanced Study e chiam\u00f2 Albert Einstein a lavorarvi). Tre grandi iniziative infatti mostrano ancora una volta che la ricerca fondamentale e l\u2019eccellenza scientifica possono essere motori di innovazione [&hellip;]<\/p>\n","protected":false},"author":5,"featured_media":412,"parent":0,"menu_order":0,"comment_status":"closed","ping_status":"closed","template":"","meta":{"_editorskit_title_hidden":false,"_editorskit_reading_time":0,"_editorskit_is_block_options_detached":false,"_editorskit_block_options_position":"{}"},"_links":{"self":[{"href":"https:\/\/wpress.ca.infn.it\/index.php?rest_route=\/wp\/v2\/pages\/411"}],"collection":[{"href":"https:\/\/wpress.ca.infn.it\/index.php?rest_route=\/wp\/v2\/pages"}],"about":[{"href":"https:\/\/wpress.ca.infn.it\/index.php?rest_route=\/wp\/v2\/types\/page"}],"author":[{"embeddable":true,"href":"https:\/\/wpress.ca.infn.it\/index.php?rest_route=\/wp\/v2\/users\/5"}],"replies":[{"embeddable":true,"href":"https:\/\/wpress.ca.infn.it\/index.php?rest_route=%2Fwp%2Fv2%2Fcomments&post=411"}],"version-history":[{"count":5,"href":"https:\/\/wpress.ca.infn.it\/index.php?rest_route=\/wp\/v2\/pages\/411\/revisions"}],"predecessor-version":[{"id":3157,"href":"https:\/\/wpress.ca.infn.it\/index.php?rest_route=\/wp\/v2\/pages\/411\/revisions\/3157"}],"wp:featuredmedia":[{"embeddable":true,"href":"https:\/\/wpress.ca.infn.it\/index.php?rest_route=\/wp\/v2\/media\/412"}],"wp:attachment":[{"href":"https:\/\/wpress.ca.infn.it\/index.php?rest_route=%2Fwp%2Fv2%2Fmedia&parent=411"}],"curies":[{"name":"wp","href":"https:\/\/api.w.org\/{rel}","templated":true}]}}