{"id":3743,"date":"2024-09-13T14:54:10","date_gmt":"2024-09-13T12:54:10","guid":{"rendered":"https:\/\/wpress.ca.infn.it\/?page_id=3743"},"modified":"2024-09-13T15:16:02","modified_gmt":"2024-09-13T13:16:02","slug":"comitato-di-coordinamento-della-terza-missione-cc3m","status":"publish","type":"page","link":"https:\/\/wpress.ca.infn.it\/?page_id=3743","title":{"rendered":"Comitato di Coordinamento della Terza Missione (CC3M)"},"content":{"rendered":"\n<div class=\"wp-block-columns\">\n<div class=\"wp-block-column\">\n<p class=\"has-text-align-center\"><strong>Referente Locale<\/strong><\/p>\n\n\n<style>\t\r\n\t\t\t\/*  div wrapped around entire staff list  *\/\r\n\t\t\tdiv.staff-member-listing { \r\n\t\t\t}\r\n\t\t\t\/*  div wrapped around each staff member  *\/\r\n\t\t\tdiv.staff-member { font-size:0.8em;\r\n\t\t\t\tpadding-bottom: 1em;\r\n\t\t\t\tborder-bottom: thin dotted #aaa;\r\n\t\t\t}\r\n\t\t\t\/*  &quot;Even&quot; staff member  *\/\r\n\t\t\tdiv.staff-member.even {margin-top: 1em;\r\n\t\t\t}\r\n\t\t\t\/*  &quot;Odd&quot; staff member  *\/\r\n\t\t\tdiv.staff-member.odd {\r\n\t\t\t\tmargin-top: 1em;\r\n\t\t\t}\r\n\t\t\t\/*  Last staff member  *\/\r\n\t\t\tdiv.staff-member.last {margin-top: 1em;\r\n\t\t\t\tpadding-bottom: 0;\r\n\t\t\t\tborder: none;\r\n\t\t\t}\r\n\t\t\t\/*  Wrap around staff info  *\/\r\n\t\t\t.staff-member-info-wrap {\r\n\t\t\t\tfloat: left;\r\n\t\t\t\twidth: 70%;\r\n\t\t\t\tmargin-left: 3%;\r\n\t\t\t}\r\n\t\t\t\/*  [staff-bio-formatted]  *\/\r\n\t\t\tdiv.staff-member-bio {\r\n\t\t\t}\r\n\t\t\t\/*  p tags within [staff-bio-formatted]  *\/\r\n\t\t\tdiv.staff-member-bio p { margin-bottom:0.4em;\r\n\t\t\t}\r\n\t\t\t\/*  [staff-photo]  *\/\r\n\t\t\timg.staff-member-photo {  height: 100px;\r\n\t\t\t\tfloat: center;\r\n\t\t\t}\r\n\t\t\t\/*  [staff-email-link]  *\/\r\n\t\t\t.staff-member-email { margin-bottom:0.4em;\r\n\t\t\t}\r\n\t\t\t\/*  [staff-name-formatted]  *\/\r\n\t\t\tdiv.staff-member-listing h3.staff-member-name {font-size:1.2em;\r\n\t\t\t\tmargin: 0;\r\n\t\t\t}\r\n\t\t\t\/*  [staff-position-formatted]  *\/\r\n\t\t\tdiv.staff-member-listing h4.staff-member-position {font-size:1em;\r\n\t\t\t\tmargin: 0;\r\n\t\t\t\tfont-style: italic;\r\n\t\t\t}\r\n\t\t\t\/* Clearfix for div.staff-member *\/\r\n\t\t\tdiv.staff-member:after {\r\n\t\t\t\tcontent: &quot;&quot;;\r\n\t\t\t\tdisplay: block;\r\n\t\t\t\tclear: both;\r\n\t\t\t}\r\n\t\t\t\/* Clearfix for &lt;= IE7 *\/\r\n\t\t\t* html div.staff-member { height: 1%; }\r\n\t\t\tdiv.staff-member { display: block; }\r\n                     \r\n                       \/* staff-member phone*\/\r\n                      p.staff-member-phone {\r\n                               margin-bottom:0.2em;\r\n                       }\r\n                       img.staff-member-photo2 {\r\n                             width: 110px; \/* width of container *\/\r\n                             height: 120px; \/* height of container *\/\r\n                             object-fit: cover;\r\n                             border: 1px solid black; \r\n                        }<\/style><div class=\"staff-member-listing \u201drap_cc3m\u201d\"><div class=\"staff-member even  last\">\r\n\t\t\t<img class=\"staff-member-photo2\" src=\"https:\/\/wpress.ca.infn.it\/wp-content\/uploads\/2018\/11\/Dordei_2.jpeg\" alt=\"Francesca Dordei : Ricercatrice\">\r\n\t\t\t<div class=\"staff-member-info-wrap\">\r\n\t\t\t\t<h3 class=\"staff-member-name\">Francesca Dordei<\/h3>\r\n                                <p class=\"staff-member-phone\"> Tel.   070 675 4909<\/p>\r\n\t\t\t\t<h4 class=\"staff-member-position\">Ricercatrice<\/h4>\r\n\t\t\t\t<div class=\"staff-member-bio\"><p>Room 2B22<\/p>\n<\/div>\r\n\t\t\t\t<a class=\"staff-member-email\" href=\"mailto:&#102;ra&#110;&#099;&#101;sc&#097;.dor&#100;e&#105;&#064;ca&#046;&#105;nfn.&#105;&#116;\" title=\"Email Francesca Dordei\">&#102;&#114;a&#110;&#099;e&#115;&#099;a&#046;do&#114;d&#101;&#105;&#064;c&#097;&#046;i&#110;fn.&#105;&#116;<\/a>\r\n\t\t\t<\/div>\r\n\t\t<\/div> <!-- Close staff-member --><\/div> <!-- Close staff-member-listing -->\n\n\n\n<p><\/p>\n<\/div>\n\n\n\n<div class=\"wp-block-column\">\n<p class=\"has-text-align-center\"> <strong>Componente comitato nazionale<\/strong><\/p>\n\n\n<style>\t\r\n\t\t\t\/*  div wrapped around entire staff list  *\/\r\n\t\t\tdiv.staff-member-listing { \r\n\t\t\t}\r\n\t\t\t\/*  div wrapped around each staff member  *\/\r\n\t\t\tdiv.staff-member { font-size:0.8em;\r\n\t\t\t\tpadding-bottom: 1em;\r\n\t\t\t\tborder-bottom: thin dotted #aaa;\r\n\t\t\t}\r\n\t\t\t\/*  &quot;Even&quot; staff member  *\/\r\n\t\t\tdiv.staff-member.even {margin-top: 1em;\r\n\t\t\t}\r\n\t\t\t\/*  &quot;Odd&quot; staff member  *\/\r\n\t\t\tdiv.staff-member.odd {\r\n\t\t\t\tmargin-top: 1em;\r\n\t\t\t}\r\n\t\t\t\/*  Last staff member  *\/\r\n\t\t\tdiv.staff-member.last {margin-top: 1em;\r\n\t\t\t\tpadding-bottom: 0;\r\n\t\t\t\tborder: none;\r\n\t\t\t}\r\n\t\t\t\/*  Wrap around staff info  *\/\r\n\t\t\t.staff-member-info-wrap {\r\n\t\t\t\tfloat: left;\r\n\t\t\t\twidth: 70%;\r\n\t\t\t\tmargin-left: 3%;\r\n\t\t\t}\r\n\t\t\t\/*  [staff-bio-formatted]  *\/\r\n\t\t\tdiv.staff-member-bio {\r\n\t\t\t}\r\n\t\t\t\/*  p tags within [staff-bio-formatted]  *\/\r\n\t\t\tdiv.staff-member-bio p { margin-bottom:0.4em;\r\n\t\t\t}\r\n\t\t\t\/*  [staff-photo]  *\/\r\n\t\t\timg.staff-member-photo {  height: 100px;\r\n\t\t\t\tfloat: center;\r\n\t\t\t}\r\n\t\t\t\/*  [staff-email-link]  *\/\r\n\t\t\t.staff-member-email { margin-bottom:0.4em;\r\n\t\t\t}\r\n\t\t\t\/*  [staff-name-formatted]  *\/\r\n\t\t\tdiv.staff-member-listing h3.staff-member-name {font-size:1.2em;\r\n\t\t\t\tmargin: 0;\r\n\t\t\t}\r\n\t\t\t\/*  [staff-position-formatted]  *\/\r\n\t\t\tdiv.staff-member-listing h4.staff-member-position {font-size:1em;\r\n\t\t\t\tmargin: 0;\r\n\t\t\t\tfont-style: italic;\r\n\t\t\t}\r\n\t\t\t\/* Clearfix for div.staff-member *\/\r\n\t\t\tdiv.staff-member:after {\r\n\t\t\t\tcontent: &quot;&quot;;\r\n\t\t\t\tdisplay: block;\r\n\t\t\t\tclear: both;\r\n\t\t\t}\r\n\t\t\t\/* Clearfix for &lt;= IE7 *\/\r\n\t\t\t* html div.staff-member { height: 1%; }\r\n\t\t\tdiv.staff-member { display: block; }\r\n                     \r\n                       \/* staff-member phone*\/\r\n                      p.staff-member-phone {\r\n                               margin-bottom:0.2em;\r\n                       }\r\n                       img.staff-member-photo2 {\r\n                             width: 110px; \/* width of container *\/\r\n                             height: 120px; \/* height of container *\/\r\n                             object-fit: cover;\r\n                             border: 1px solid black; \r\n                        }<\/style><div class=\"staff-member-listing \u201drap_naz_cc3m\u201d\"><div class=\"staff-member even  last\">\r\n\t\t\t<img class=\"staff-member-photo2\" src=\"https:\/\/wpress.ca.infn.it\/wp-content\/uploads\/2018\/11\/Fanti.jpeg\" alt=\"Viviana Fanti : Ricercatrice\">\r\n\t\t\t<div class=\"staff-member-info-wrap\">\r\n\t\t\t\t<h3 class=\"staff-member-name\">Viviana Fanti<\/h3>\r\n                                <p class=\"staff-member-phone\"> Tel.   070 675 4869 \/ 4968<\/p>\r\n\t\t\t\t<h4 class=\"staff-member-position\">Ricercatrice<\/h4>\r\n\t\t\t\t<div class=\"staff-member-bio\"><p>Room 1D13<\/p>\n<\/div>\r\n\t\t\t\t<a class=\"staff-member-email\" href=\"mailto:&#118;iviana&#046;fanti&#064;&#099;&#097;&#046;&#105;&#110;&#102;n.&#105;&#116;\" title=\"Email Viviana Fanti\">v&#105;v&#105;a&#110;a&#046;fa&#110;t&#105;&#064;&#099;a&#046;infn&#046;i&#116;<\/a>\r\n\t\t\t<\/div>\r\n\t\t<\/div> <!-- Close staff-member --><\/div> <!-- Close staff-member-listing -->\n<\/div>\n<\/div>\n\n\n\n<p><\/p>\n\n\n\n<p>Accanto all\u2019attivit\u00e0 di ricerca, da anni la sezione di Cagliari porta avanti molte attivit\u00e0 di divulgazione e disseminazione (Terza Missione) per trasferire alla societ\u00e0 le conoscenze acquisite e coinvolgerla nella ricerca scientifica. Sette persone costituiscono il Comitato Coordinamento Terza Missione e tre persone ne fanno parte ex officio. Poich\u00e9 la diffusione dell\u2019INFN e delle sue attivit\u00e0 di Terza Missione \u00e8 estesa a livello nazionale, ogni sede INFN ha inoltre nominato una persona referente per la terza missione.<\/p>\n\n\n\n<p>La sezione di Cagliari \u00e8 impegnata nei seguenti progetti nazionali INFN:<\/p>\n\n\n\n<ul><li><a href=\"https:\/\/collisioni.infn.it\/attivita_educative\/art-and-science-across-italy\/\" class=\"ek-link\">Art&amp;Science Across Italy <\/a>(responsabile locale: Giuseppe Bozzi)<\/li><li><a href=\"https:\/\/collisioni.infn.it\/attivita_educative\/premio-asimov\/\">Premio Asimov<\/a> (responsabile locale: Marcello Lissia)<\/li><li><a href=\"https:\/\/collisioni.infn.it\/attivita_educative\/ocra-outreach-cosmic-ray-activities\/\">OCRA \u2013 Outreach Cosmic Rays Activities<\/a> (responsabile locale: Corrado Cical\u00f2)<\/li><li><a href=\"https:\/\/collisioni.infn.it\/attivita_educative\/lab2go\/\">Lab2Go<\/a> (responsabile locale: Marcello Lissia)<\/li><li><a href=\"https:\/\/collisioni.infn.it\/attivita_educative\/radiolab\/\">RadioLab e ISOradioLAB<\/a> (responsabile locale: Viviana Fanti)<\/li><li><a href=\"https:\/\/wpress.ca.infn.it\/?page_id=526\">International Masterclasses<\/a> (responsabile locale: Francesca Dordei)<\/li><li><a href=\"https:\/\/cc3m.infn.it\/attivita-infn-cc3m\/\">Dark<\/a> (responsabile locale: Walter Marcello Bonivento)<\/li><li><a href=\"https:\/\/collisioni.infn.it\/attivita_educative\/infn-kids-fisica-bambini\/\">INFN Kids<\/a> (responsabile locale: Matteo Tuveri)<\/li><li><a href=\"https:\/\/collisioni.infn.it\/attivita_educative\/aggiornamenti\/\">AggiornaMenti<\/a> (responsabile locale: Viviana Fanti)<\/li><\/ul>\n\n\n\n<p>Infine, partecipiamo ai seguenti progetti:<\/p>\n\n\n\n<ul><li><a href=\"https:\/\/eee.centrofermi.it\/it\/\">Extreme energy events<\/a><\/li><li><a href=\"https:\/\/pintofscience.it\/\">Pint of Science<\/a><\/li><\/ul>\n\n\n\n<p><\/p>\n","protected":false},"excerpt":{"rendered":"<p>Referente Locale Componente comitato nazionale Accanto all\u2019attivit\u00e0 di ricerca, da anni la sezione di Cagliari porta avanti molte attivit\u00e0 di divulgazione e disseminazione (Terza Missione) per trasferire alla societ\u00e0 le conoscenze acquisite e coinvolgerla nella ricerca scientifica. Sette persone costituiscono il Comitato Coordinamento Terza Missione e tre persone ne fanno parte ex officio. Poich\u00e9 la [&hellip;]<\/p>\n","protected":false},"author":5,"featured_media":0,"parent":0,"menu_order":0,"comment_status":"closed","ping_status":"closed","template":"","meta":{"_editorskit_title_hidden":false,"_editorskit_reading_time":0,"_editorskit_is_block_options_detached":false,"_editorskit_block_options_position":"{}"},"_links":{"self":[{"href":"https:\/\/wpress.ca.infn.it\/index.php?rest_route=\/wp\/v2\/pages\/3743"}],"collection":[{"href":"https:\/\/wpress.ca.infn.it\/index.php?rest_route=\/wp\/v2\/pages"}],"about":[{"href":"https:\/\/wpress.ca.infn.it\/index.php?rest_route=\/wp\/v2\/types\/page"}],"author":[{"embeddable":true,"href":"https:\/\/wpress.ca.infn.it\/index.php?rest_route=\/wp\/v2\/users\/5"}],"replies":[{"embeddable":true,"href":"https:\/\/wpress.ca.infn.it\/index.php?rest_route=%2Fwp%2Fv2%2Fcomments&post=3743"}],"version-history":[{"count":7,"href":"https:\/\/wpress.ca.infn.it\/index.php?rest_route=\/wp\/v2\/pages\/3743\/revisions"}],"predecessor-version":[{"id":3754,"href":"https:\/\/wpress.ca.infn.it\/index.php?rest_route=\/wp\/v2\/pages\/3743\/revisions\/3754"}],"wp:attachment":[{"href":"https:\/\/wpress.ca.infn.it\/index.php?rest_route=%2Fwp%2Fv2%2Fmedia&parent=3743"}],"curies":[{"name":"wp","href":"https:\/\/api.w.org\/{rel}","templated":true}]}}