{"id":367,"date":"2018-09-14T10:23:53","date_gmt":"2018-09-14T08:23:53","guid":{"rendered":"http:\/\/wpress.ca.infn.it\/?page_id=367"},"modified":"2023-03-28T15:50:05","modified_gmt":"2023-03-28T13:50:05","slug":"fisica-delle-astroparticelle","status":"publish","type":"page","link":"https:\/\/wpress.ca.infn.it\/?page_id=367","title":{"rendered":"Fisica delle Astroparticelle (CSN2)"},"content":{"rendered":"<p><img loading=\"lazy\" class=\"wp-image-1401  alignleft\" src=\"https:\/\/wpress.ca.infn.it\/wp-content\/uploads\/2018\/11\/Cadeddu.jpeg\" alt=\"\" width=\"159\" height=\"198\" \/><\/p>\n<div>\n<p style=\"text-align: justify;\">Coordinatore:\u00a0<strong>Matteo Cadeddu<\/strong><br class=\"\" \/>Ricercatore INFN sezione di Cagliari<br class=\"\" \/>Stanza: 1AA8<br class=\"\" \/>Telefono: 070\/675 4982<br class=\"\" \/>Mail: <a class=\"staff-member-email\" title=\"Email Matteo Cadeddu\" href=\"&#x6d;&#x61;&#x69;&#x6c;&#116;&#111;&#58;ma&#x74;&#x74;&#x65;&#x6f;&#x2e;&#99;&#97;&#100;ed&#x64;&#x75;&#x40;&#x63;&#x61;&#46;&#105;&#110;fn&#x2e;&#x69;&#x74;\">matteo&#46;&#99;&#97;&#100;&#101;&#100;&#100;&#x75;&#x40;&#x63;&#x61;&#x2e;&#x69;&#x6e;&#x66;&#x6e;&#x2e;&#x69;&#x74;<\/a><\/p>\n<\/div>\n<p><!--more--><\/p>\n<div style=\"text-align: justify;\">Le attivit\u00e0 legate alle astroparticelle e alla fisica fondamentale sono coordinate su base nazionale dalla\u00a0<a href=\"http:\/\/www.infn.it\/csn2\">Commissione Scientifica 2<\/a> dell&#8217;Istituto Nazionale di Fisica Nucleare. La Sezione di Cagliari contribuisce a diversi progetti sia nell&#8217;ambito della fisica dei raggi cosmici che nell&#8217;ambito della fisica delle onde gravitazionali.<\/div>\n<div><\/div>\n<p><!--more--><\/p>\n<h3><strong>Einstein Telescope (ET)<\/strong><\/h3>\n<p><span style=\"font-weight: 400;\">L\u2019Einstein Telescope (ET) \u00e8 un progetto scientifico per la costruzione di un moderno osservatorio per onde gravitazionali. Il rivelatore di ET sar\u00e0 un sistema di interferometri con una sensibilit\u00e0 significativamente migliore dei rivelatori attuali come LIGO\/Virgo. In particolare le sue capacit\u00e0 di rivelare segnali a bassa frequenza provenienti da eventi cosmologici avvenuti nei primi istanti di vita dell\u2019universo permetter\u00e0 di aprire un nuova finestra sulla nostra comprensione del cosmo.<\/span><\/p>\n<p><span style=\"font-weight: 400;\">La regione della miniera di Sos Enattos, in Sardegna, \u00e8 uno dei principali candidati come sito ospitante per l\u2019osservatorio a causa dei suoi livelli estremamente bassi di rumore sismico e antropico. La scelta finale del sito verr\u00e0 fatta entro il 2025.<\/span><\/p>\n<p><img loading=\"lazy\" class=\" wp-image-3564 alignright\" src=\"https:\/\/wpress.ca.infn.it\/wp-content\/uploads\/2023\/03\/et-300x212.png\" alt=\"Einstein Telescope Scheme\" width=\"479\" height=\"339\" srcset=\"https:\/\/wpress.ca.infn.it\/wp-content\/uploads\/2023\/03\/et-300x212.png 300w, https:\/\/wpress.ca.infn.it\/wp-content\/uploads\/2023\/03\/et.png 602w\" sizes=\"(max-width: 479px) 100vw, 479px\" \/><\/p>\n<p><span style=\"font-weight: 400;\">La collaborazione internazionale di ET, fondata ufficialmente nel 2022, unisce pi\u00f9 di 1400 scienziati da tutte le parti del mondo. Il gruppo di ET all\u2019INFN di Cagliari contribuisce fortemente alla caratterizzazione del sito di Sos Enattos e allo studio teorico del livello atteso di rumore newtoniano. La ET Research Unit di Cagliari ET, coordinata dall\u2019INFN, include inoltre membri dall\u2019Universit\u00e0 di Cagliari, CNR, OAC, CREF, CINIgeo, INAF-OAC per un totale di circa 50 persone. Le loro competenze nei vari aspetti scientifici e tecnici di questa impresa giocheranno un ruolo fondamentale nella <\/span><span style=\"font-weight: 400;\">costruzione e gestione dell\u2019osservatorio.<\/span><\/p>\n<p><span style=\"font-weight: 400;\">Contatti:<\/span><\/p>\n<ul>\n<li style=\"font-weight: 400;\" aria-level=\"1\"><span style=\"font-weight: 400;\">Research Unit Leader: <strong>Andrea Contu<\/strong> (<\/span><a href=\"&#109;&#x61;i&#108;&#x74;o&#58;&#x61;n&#x64;&#x72;&#101;&#x61;&#46;&#99;&#x6f;n&#116;&#x75;&#64;&#x63;&#x61;&#46;&#x69;&#x6e;&#102;&#x6e;&#46;&#105;&#x74;\"><span style=\"font-weight: 400;\">&#97;&#x6e;&#100;&#x72;e&#x61;&#46;&#99;&#x6f;&#110;&#x74;u&#x40;c&#97;&#x2e;&#105;&#x6e;f&#x6e;&#46;&#105;&#x74;<\/span><\/a><span style=\"font-weight: 400;\">)<\/span><\/li>\n<li style=\"font-weight: 400;\" aria-level=\"1\">Responsabile per la Comunicazione e la Divulgazione: <strong>Matteo Tuveri<\/strong> (<a style=\"font-size: revert;\" href=\"ma&#105;&#108;&#116;&#111;&#x3a;&#x6d;&#x61;&#x74;&#x74;eo&#46;&#116;&#117;&#118;&#x65;&#x72;&#x69;&#x40;&#x63;a&#46;&#105;&#110;&#102;&#110;&#x2e;&#x69;&#x74;\">&#x6d;&#x61;&#116;&#116;e&#x6f;&#x2e;&#x74;&#117;ve&#x72;&#x69;&#64;&#99;a&#x2e;&#x69;&#x6e;&#102;n&#46;&#x69;&#x74;<\/a><span style=\"font-size: revert; color: initial;\">)<\/span><\/li>\n<\/ul>\n<h3>Darkside<\/h3>\n<div class=\"\" style=\"text-align: justify;\">L&#8217;esperimento <a href=\"http:\/\/darkside.lngs.infn.it\/\" target=\"_blank\" rel=\"noopener\"><strong>Darkside<\/strong><\/a> ha come obiettivo la ricerca della <strong>Materia Oscura<\/strong> di tipo WIMP (Weakly Interacting Massive Particle) mediante la sua interazione con gli atomi di argon in fase liquida. L&#8217;esperimento situato ai Laboratori Nazionali del Gran Sasso dell&#8217;INFN, consta di tre fasi: DarkSide-50 (DS50), una camera a proiezione temporale a doppia fase da 50 Kg \u00a0e in presa dati da due anni, DarkSide-proto da 1t, in fase di costruzione e di test presso il CERN di Ginevra, e DarkSide-20k, in fase avanzata di progettazione, da 20t, che prendera&#8217; dati a partire dal 2021. Recentemente DS50 ha pubblicato il migliore limite al mondo per la ricerca di Materia Oscura WIMP a basse masse.<img loading=\"lazy\" class=\" wp-image-418 alignright\" src=\"https:\/\/wpress.ca.infn.it\/wp-content\/uploads\/2018\/09\/darksie.jpg\" alt=\"\" width=\"256\" height=\"185\" \/><\/div>\n<div class=\"\" style=\"text-align: justify;\">Un elemento fondamentale di DS20k, su cui e&#8217; attivamente impegnata una parte del gruppo, e&#8217; la colonna di distillazione criogenica Aria, in corso di assemblaggio presso la miniera di Carbosulcis a Nuraxi-Figus (CI), che permetter\u00e0 sia di purificare l&#8217;argon per DS20k da impurezze sia, per DarkSide-Proto, di ridurre il contenuto dell&#8217;isotopo radioattivo di numero di massa 39 di un fattore circa 10 per passaggio.<\/div>\n<div class=\"\" style=\"text-align: justify;\">Il gruppo della Sezione di Cagliari svolge inoltre attivit\u00e0 di ricerca nei seguenti settori: teoria e fenomenologia dell&#8217;interazione delle WIMP, analisi dei dati di DS50, sviluppo di un trasmettitore ottico per segnali analogici nell&#8217;argon liquido e progettazione del rivelatore DArT per la misura della radioattivit\u00e0&#8217; dell&#8217;argon, che si pensa di installare presso il laboratorio di Canfranc in Spagna. Partecipa anche alle misure sul rivelatore ReD, una camera a doppia fase di pochi Kg, presso l&#8217;universit\u00e0 di Napoli, con scopi di calibrazione e di possibile misura di effetti direzionali dell&#8217;interazione delle WIMP nel rivelatore.<\/div>\n<div><\/div>\n<div class=\"\" style=\"text-align: justify;\">I Ricercatori del Gruppo hanno vari incarichi di coordinamento all&#8217;interno sia di DS20k ( Project Scientist) sia di Aria (Rapporti con le Autorit\u00e0&#8217; Locali e Deputy-Technical Coordinator)<\/div>\n<h1><\/h1>\n<p><img loading=\"lazy\" class=\"wp-image-369 alignleft\" src=\"http:\/\/wpress.ca.infn.it\/wp-content\/uploads\/2018\/09\/UNADJUSTEDNONRAW_thumb_3de1-225x300.jpg\" alt=\"\" width=\"176\" height=\"234\" srcset=\"https:\/\/wpress.ca.infn.it\/wp-content\/uploads\/2018\/09\/UNADJUSTEDNONRAW_thumb_3de1-225x300.jpg 225w, https:\/\/wpress.ca.infn.it\/wp-content\/uploads\/2018\/09\/UNADJUSTEDNONRAW_thumb_3de1.jpg 768w\" sizes=\"(max-width: 176px) 100vw, 176px\" \/><\/p>\n<p>Nella foto, l&#8217;assemblaggio della colonna di test Seruci-0 dell&#8217;impianto di distillazione criogenica Aria presso CarboSulcis (CI).<\/p>\n","protected":false},"excerpt":{"rendered":"<p>Coordinatore:\u00a0Matteo CadedduRicercatore INFN sezione di CagliariStanza: 1AA8Telefono: 070\/675 4982Mail: ma&#116;&#116;&#101;&#x6f;&#x2e;&#x63;&#x61;&#x64;ed&#100;&#117;&#64;&#x63;&#x61;&#x2e;&#x69;&#x6e;fn&#46;&#105;&#116;<\/p>\n","protected":false},"author":5,"featured_media":0,"parent":0,"menu_order":0,"comment_status":"closed","ping_status":"closed","template":"","meta":{"_editorskit_title_hidden":false,"_editorskit_reading_time":2,"_editorskit_is_block_options_detached":false,"_editorskit_block_options_position":"{}"},"_links":{"self":[{"href":"https:\/\/wpress.ca.infn.it\/index.php?rest_route=\/wp\/v2\/pages\/367"}],"collection":[{"href":"https:\/\/wpress.ca.infn.it\/index.php?rest_route=\/wp\/v2\/pages"}],"about":[{"href":"https:\/\/wpress.ca.infn.it\/index.php?rest_route=\/wp\/v2\/types\/page"}],"author":[{"embeddable":true,"href":"https:\/\/wpress.ca.infn.it\/index.php?rest_route=\/wp\/v2\/users\/5"}],"replies":[{"embeddable":true,"href":"https:\/\/wpress.ca.infn.it\/index.php?rest_route=%2Fwp%2Fv2%2Fcomments&post=367"}],"version-history":[{"count":35,"href":"https:\/\/wpress.ca.infn.it\/index.php?rest_route=\/wp\/v2\/pages\/367\/revisions"}],"predecessor-version":[{"id":3583,"href":"https:\/\/wpress.ca.infn.it\/index.php?rest_route=\/wp\/v2\/pages\/367\/revisions\/3583"}],"wp:attachment":[{"href":"https:\/\/wpress.ca.infn.it\/index.php?rest_route=%2Fwp%2Fv2%2Fmedia&parent=367"}],"curies":[{"name":"wp","href":"https:\/\/api.w.org\/{rel}","templated":true}]}}