{"id":3226,"date":"2021-12-27T12:19:17","date_gmt":"2021-12-27T11:19:17","guid":{"rendered":"https:\/\/wpress.ca.infn.it\/?page_id=3226"},"modified":"2022-09-08T12:22:53","modified_gmt":"2022-09-08T10:22:53","slug":"nuovi-dialoghi-sui-massimi-sistemi","status":"publish","type":"page","link":"https:\/\/wpress.ca.infn.it\/?page_id=3226","title":{"rendered":"Nuovi Dialoghi Sui Massimi Sistemi"},"content":{"rendered":"\n<div class=\"wp-block-image\"><figure class=\"aligncenter size-large is-resized\"><img loading=\"lazy\" src=\"https:\/\/wpress.ca.infn.it\/wp-content\/uploads\/2021\/12\/Nuovi-Dialoghi-sui-Massimi-Sistemi-1024x576.png\" alt=\"\" class=\"wp-image-3227\" width=\"539\" height=\"302\" srcset=\"https:\/\/wpress.ca.infn.it\/wp-content\/uploads\/2021\/12\/Nuovi-Dialoghi-sui-Massimi-Sistemi-1024x576.png 1024w, https:\/\/wpress.ca.infn.it\/wp-content\/uploads\/2021\/12\/Nuovi-Dialoghi-sui-Massimi-Sistemi-300x169.png 300w, https:\/\/wpress.ca.infn.it\/wp-content\/uploads\/2021\/12\/Nuovi-Dialoghi-sui-Massimi-Sistemi-768x432.png 768w, https:\/\/wpress.ca.infn.it\/wp-content\/uploads\/2021\/12\/Nuovi-Dialoghi-sui-Massimi-Sistemi.png 1280w\" sizes=\"(max-width: 539px) 100vw, 539px\" \/><\/figure><\/div>\n\n\n\n<p class=\"has-text-align-justify\">La gravit\u00e0 \u00e8 di gran lunga il tema scientifico che ha maggiormente stuzzicato la curiosit\u00e0 di&nbsp;scienziati e&nbsp;filosofi nel corso dei secoli.&nbsp;Da Aristotele ai giorni nostri, domande&nbsp;come&nbsp;\u201ccome \u00e8 fatto l\u2019universo?\u201d,&nbsp;\u201cperch\u00e9 gli oggetti cadono?\u201d hanno scandito le tappe del pensiero scientifico e&nbsp;portato, di volta in volta, a nuove concezioni del mondo intorno a noi. La ricerca di opportune risposte scientifiche a tali quesiti ha rivoluzionato la storia del pensiero scientifico portando alla definizione e alla conseguente messa in discussione di vari paradigmi (nel senso proposto da Kuhn) e, contemporaneamente, offre oggi lo scenario pi\u00f9 ricco di scoperte e sorprese che mettono ancora una volta in discussione le nostre certezze.&nbsp;&nbsp;<\/p>\n\n\n\n<p class=\"has-text-align-justify\">Con queste premesse nasce il progetto &#8220;<strong>Gravitas<\/strong>&#8220;, un innovativo progetto di divulgazione al confine tra fisica e filosofia della scienza. Il progetto \u00e8 rivolto a <strong>studenti e studentesse<\/strong> dei trienni delle scuole secondarie di secondo grado con l&#8217;obiettivo di offrire loro una <strong>visione unificata del sapere<\/strong>, che superi la dicotomia &#8220;scientifico-umanistico&#8221; sviluppata nel corso dei decenni e che consenta loro di <strong>affacciarsi in maniera informale e leggera al mondo della ricerca contemporanea<\/strong>. <\/p>\n\n\n\n<p class=\"has-text-align-justify\">Le attivit\u00e0 del progetto &#8220;Gravitas&#8221; sono molteplici e hanno preso il via con i &#8220;<strong>Nuovi Dialoghi Sui Massimi Sistem<\/strong>i&#8221;, un ciclo di chiacchierate, incontri e seminari sui temi della gravit\u00e0 e dintorni organizzato e coordinato da INFN Cagliari e in collaborazione con universit\u00e0, istituti ed enti di ricerca europei. Con un approccio innovativo e multidisciplinario, ricercatori e ricercatrici di differenti ambiti dialogano con un moderatore sulle rivoluzioni concettuali della fisica per riassaporare insieme le scoperte e l&#8217;evoluzione del pensiero moderno. <\/p>\n\n\n\n<p class=\"has-text-align-justify\">Le chiacchierate sono di natura divulgativa e su temi principalmente legati alla <strong>gravit\u00e0<\/strong>, dagli antichi greci ad oggi, e alla fisica del &#8216;900. I contenuti spaziano dalla <strong>fisica<\/strong> alla <strong>filosofia<\/strong>, dalla <strong>storia della scienza<\/strong> alla <strong>sociologia<\/strong>, passando per la <strong>comunicazione della scienza<\/strong>. <\/p>\n\n\n\n<p class=\"has-text-align-justify\">I Nuovi Dialoghi Sui Massimi Sistemi sono pensati per un pubblico di studenti e studentesse, ma sono di facile fruizione per chiunque sia interessato ai temi proposti dal progetto. Infatti, uno degli&nbsp;scopi&nbsp;principali&nbsp;di questi incontri \u00e8 quello di fornire loro spunti di riflessione legati alle tematiche studiate nel triennio che possano essere da stimolo sia durante&nbsp;gli studi, gli esami e sia nella scelta del percorso&nbsp;universitario. Data la natura multidisciplinare e divulgativa dell&#8217;iniziativa, tutti gli incontri possono essere di ampio interesse anche per un pubblico pi\u00f9 generale.<\/p>\n\n\n\n<p>Tutti gli incontri saranno trasmessi sul canale Youtube&nbsp;<a rel=\"noreferrer noopener\" href=\"https:\/\/www.youtube.com\/channel\/UCbj8ovQ_fbqR6luQ_jK-wfQ\" target=\"_blank\">https:\/\/www.youtube.com\/channel\/UCbj8ovQ_fbqR6luQ_jK-wfQ<\/a>&nbsp;e sulla pagina Facebook INFN Cagliari&nbsp;<a rel=\"noreferrer noopener\" href=\"https:\/\/www.facebook.com\/search\/top\/?q=infn%20cagliari\" target=\"_blank\">https:\/\/www.facebook.com\/search\/top\/?q=infn%20cagliari<\/a><\/p>\n\n\n\n<p><meta charset=\"utf-8\">Al seguente link \u00e8 possibile vedere tutti gli incontri dei Nuovi Dialoghi sui Massimi Sistemi: <a href=\"https:\/\/www.youtube.com\/playlist?list=PL94cdNBLY9XqD3V_YqEjVyQPXmspf2-k8\" class=\"ek-link\">https:\/\/www.youtube.com\/playlist?list=PL94cdNBLY9XqD3V_YqEjVyQPXmspf2-k8<\/a><\/p>\n\n\n\n<p class=\"has-text-align-justify\">Il calendario completo degli eventi di dicembre 2021, gennaio, febbraio, marzo e aprile 2022 \u00e8 consultabile nelle locandine di seguito.<\/p>\n\n\n\n<div class=\"wp-block-image\"><figure class=\"aligncenter size-large is-resized\"><img loading=\"lazy\" src=\"https:\/\/wpress.ca.infn.it\/wp-content\/uploads\/2022\/01\/2-724x1024.png\" alt=\"\" class=\"wp-image-3236\" width=\"358\" height=\"506\" srcset=\"https:\/\/wpress.ca.infn.it\/wp-content\/uploads\/2022\/01\/2-724x1024.png 724w, https:\/\/wpress.ca.infn.it\/wp-content\/uploads\/2022\/01\/2-212x300.png 212w, https:\/\/wpress.ca.infn.it\/wp-content\/uploads\/2022\/01\/2-768x1086.png 768w, https:\/\/wpress.ca.infn.it\/wp-content\/uploads\/2022\/01\/2-1086x1536.png 1086w, https:\/\/wpress.ca.infn.it\/wp-content\/uploads\/2022\/01\/2.png 1414w\" sizes=\"(max-width: 358px) 100vw, 358px\" \/><figcaption>Chiacchierata divulgative di dicembre 2021<\/figcaption><\/figure><\/div>\n\n\n\n<p class=\"has-text-align-justify\">L&#8217;attivit\u00e0 ricade all&#8217;interno delle iniziative promosse dalla sigla &#8220;<strong>DARK<\/strong>&#8221; dell&#8217;INFN cui partecipano piu di dieci Universit\u00e0 e sezioni INFN italiane e vede il coinvolgimento di ricercatori e ricercatrici, leader a livello internazionale&nbsp;delle ricerche nei loro campi di interesse, di Istituti, Universit\u00e0 ed Enti di ricerca europei.<br>Il progetto \u00e8 ideato e coordinato da Matteo Tuveri e Walter Bonivento. Localmente le attivit\u00e0 si svolgono in collaborazione con <strong>Viviana Fanti<\/strong>, il Dipartimento di Fisica e il PLS Fisica dell&#8217;Universit\u00e0 di Cagliari. <\/p>\n\n\n\n<div class=\"wp-block-group\"><div class=\"wp-block-group__inner-container\">\n<div class=\"wp-block-image\"><figure class=\"alignleft size-large is-resized\"><img loading=\"lazy\" src=\"https:\/\/wpress.ca.infn.it\/wp-content\/uploads\/2022\/01\/3-724x1024.png\" alt=\"\" class=\"wp-image-3237\" width=\"400\" height=\"565\" srcset=\"https:\/\/wpress.ca.infn.it\/wp-content\/uploads\/2022\/01\/3-724x1024.png 724w, https:\/\/wpress.ca.infn.it\/wp-content\/uploads\/2022\/01\/3-212x300.png 212w, https:\/\/wpress.ca.infn.it\/wp-content\/uploads\/2022\/01\/3-768x1086.png 768w, https:\/\/wpress.ca.infn.it\/wp-content\/uploads\/2022\/01\/3-1086x1536.png 1086w, https:\/\/wpress.ca.infn.it\/wp-content\/uploads\/2022\/01\/3.png 1414w\" sizes=\"(max-width: 400px) 100vw, 400px\" \/><figcaption>Chiacchierate divulgative di gennaio e febbraio 2022<\/figcaption><\/figure><\/div>\n\n\n\n<div class=\"wp-block-image\"><figure class=\"alignright size-large is-resized\"><img loading=\"lazy\" src=\"https:\/\/wpress.ca.infn.it\/wp-content\/uploads\/2022\/02\/Nuovi-Dialoghi-Sui-Massimi-Sistemi-724x1024.png\" alt=\"\" class=\"wp-image-3275\" width=\"402\" height=\"568\" srcset=\"https:\/\/wpress.ca.infn.it\/wp-content\/uploads\/2022\/02\/Nuovi-Dialoghi-Sui-Massimi-Sistemi-724x1024.png 724w, https:\/\/wpress.ca.infn.it\/wp-content\/uploads\/2022\/02\/Nuovi-Dialoghi-Sui-Massimi-Sistemi-212x300.png 212w, https:\/\/wpress.ca.infn.it\/wp-content\/uploads\/2022\/02\/Nuovi-Dialoghi-Sui-Massimi-Sistemi-768x1086.png 768w, https:\/\/wpress.ca.infn.it\/wp-content\/uploads\/2022\/02\/Nuovi-Dialoghi-Sui-Massimi-Sistemi-1086x1536.png 1086w, https:\/\/wpress.ca.infn.it\/wp-content\/uploads\/2022\/02\/Nuovi-Dialoghi-Sui-Massimi-Sistemi.png 1414w\" sizes=\"(max-width: 402px) 100vw, 402px\" \/><figcaption>Chiacchierate divulgative di marzo e aprile 2022<\/figcaption><\/figure><\/div>\n<\/div><\/div>\n\n\n\n<p><\/p>\n\n\n\n<p><\/p>\n\n\n\n<p><\/p>\n","protected":false},"excerpt":{"rendered":"<p>La gravit\u00e0 \u00e8 di gran lunga il tema scientifico che ha maggiormente stuzzicato la curiosit\u00e0 di&nbsp;scienziati e&nbsp;filosofi nel corso dei secoli.&nbsp;Da Aristotele ai giorni nostri, domande&nbsp;come&nbsp;\u201ccome \u00e8 fatto l\u2019universo?\u201d,&nbsp;\u201cperch\u00e9 gli oggetti cadono?\u201d hanno scandito le tappe del pensiero scientifico e&nbsp;portato, di volta in volta, a nuove concezioni del mondo intorno a noi. La ricerca di [&hellip;]<\/p>\n","protected":false},"author":6,"featured_media":0,"parent":0,"menu_order":0,"comment_status":"closed","ping_status":"closed","template":"","meta":{"_editorskit_title_hidden":false,"_editorskit_reading_time":2,"_editorskit_is_block_options_detached":false,"_editorskit_block_options_position":"{}"},"_links":{"self":[{"href":"https:\/\/wpress.ca.infn.it\/index.php?rest_route=\/wp\/v2\/pages\/3226"}],"collection":[{"href":"https:\/\/wpress.ca.infn.it\/index.php?rest_route=\/wp\/v2\/pages"}],"about":[{"href":"https:\/\/wpress.ca.infn.it\/index.php?rest_route=\/wp\/v2\/types\/page"}],"author":[{"embeddable":true,"href":"https:\/\/wpress.ca.infn.it\/index.php?rest_route=\/wp\/v2\/users\/6"}],"replies":[{"embeddable":true,"href":"https:\/\/wpress.ca.infn.it\/index.php?rest_route=%2Fwp%2Fv2%2Fcomments&post=3226"}],"version-history":[{"count":8,"href":"https:\/\/wpress.ca.infn.it\/index.php?rest_route=\/wp\/v2\/pages\/3226\/revisions"}],"predecessor-version":[{"id":3419,"href":"https:\/\/wpress.ca.infn.it\/index.php?rest_route=\/wp\/v2\/pages\/3226\/revisions\/3419"}],"wp:attachment":[{"href":"https:\/\/wpress.ca.infn.it\/index.php?rest_route=%2Fwp%2Fv2%2Fmedia&parent=3226"}],"curies":[{"name":"wp","href":"https:\/\/api.w.org\/{rel}","templated":true}]}}