{"id":30,"date":"2018-04-11T21:32:43","date_gmt":"2018-04-11T19:32:43","guid":{"rendered":"http:\/\/epifani.eu\/infn\/sezioni_wp\/?page_id=30"},"modified":"2019-06-17T20:37:24","modified_gmt":"2019-06-17T18:37:24","slug":"fisica-nucleare-csn3","status":"publish","type":"page","link":"https:\/\/wpress.ca.infn.it\/?page_id=30","title":{"rendered":"Fisica Nucleare (CSN3)"},"content":{"rendered":"<p><img loading=\"lazy\" class=\"wp-image-1435  alignleft\" src=\"https:\/\/wpress.ca.infn.it\/wp-content\/uploads\/2018\/11\/Usai.jpg\" alt=\"\" width=\"280\" height=\"157\" \/><\/p>\n<p>Coordinatore:<strong> Gianluca Usai<\/strong><\/p>\n<p>Stanza: 2B25<br \/>\nTelefono: + 39 070 675 4906<\/p>\n<p style=\"text-align: justify;\">EMail:\u00a0<a class=\"staff-member-email\" title=\"Email Gianluca Usai\" href=\"&#109;&#x61;&#x69;l&#116;&#x6f;:&#103;&#x69;a&#110;&#x6c;u&#99;&#x61;&#x2e;&#117;&#x73;&#x61;i&#64;&#x63;a&#46;&#x69;n&#102;&#x6e;&#x2e;&#105;&#x74;\">&#x67;&#x69;&#x61;&#x6e;&#x6c;&#x75;&#x63;&#x61;&#x2e;&#x75;&#x73;&#x61;&#x69;&#x40;&#x63;&#x61;&#x2e;&#x69;&#x6e;&#x66;&#x6e;&#x2e;&#105;&#116;<\/a><br \/>\nSito Web <a href=\"http:\/\/gruppo3.ca.infn.it\">Gruppo3<\/a><\/p>\n<p>&nbsp;<\/p>\n<p style=\"text-align: justify;\">Le attivit\u00e0 di ricerca del terzo gruppo sono coordinate a livello nazionale dalla\u00a0<a href=\"http:\/\/www.infn.it\/csn3\/\">Commissione Scientifica Nazionale 3<\/a>. Dal 1989 il gruppo di <strong>Fisica Nucleare<\/strong> della Sezione di Cagliari si occupa di ricerca nel campo della <strong>fisica nucleare sperimentale<\/strong>, nell&#8217;ambito di collaborazioni internazionali.<\/p>\n<p style=\"text-align: justify;\">Attualmente si occupa di ricerche nell&#8217;ambito della fisica delle collisioni tra\u00a0ioni pesanti ad energie ultrarelativistiche, e collabora agli esperimenti del\u00a0<a href=\"http:\/\/www.cern.ch\/\">CERN<\/a><\/p>\n<ul style=\"text-align: justify;\">\n<li><a href=\"http:\/\/gruppo3.ca.infn.it\/it\/?Attivit%C3%A0:ALICE\">ALICE<\/a><\/li>\n<li><a href=\"http:\/\/gruppo3.ca.infn.it\/it\/?Attivit%C3%A0:NA60\">NA60<\/a><\/li>\n<\/ul>\n<p style=\"text-align: justify;\">Il gruppo partecipa inoltre al progetto per lo studio di sciami prodotti da\u00a0raggi cosmici\u00a0ultra-energetici:<\/p>\n<ul>\n<li style=\"text-align: justify;\"><a href=\"http:\/\/gruppo3.ca.infn.it\/it\/?Attivit%C3%A0:EEE\">EEE<\/a><\/li>\n<\/ul>\n<p style=\"text-align: justify;\">Nell&#8217;ambito di questi esperimenti le principali\u00a0<a href=\"http:\/\/gruppo3.ca.infn.it\/it\/?Attivit%C3%A0\">attivit\u00e0<\/a>\u00a0alle quali il gruppo partecipa sono lo sviluppo di rivelatori e dell&#8217;elettronica ad essi associata, e di software per simulazioni e analisi dati. Una lista delle\u00a0pubblicazioni\u00a0pu\u00f2 essere trovata con il motore di ricerca\u00a0<a href=\"http:\/\/www-spires.fnal.gov\/spires\/find\/hep\/www?rawcmd=FIND+A+DE+FALCO+OR+CICALO+OR+FLORIS+M+OR+PUDDU+OR+USAI+OR+SERCI+OR+SZOSTAK+OR+MASONI+AND+NOT+CN+ATLAS+AND+NOT+CN+PHOBOS+AND+NOT+T+ATLAS+AND+%28AFF+CAGLIARI+U.+OR+AFF+INFN%2C+CAGLIARI%29&amp;FORMAT=www&amp;SEQUENCE=ds%28d%29\" target=\"_blank\" rel=\"noopener\">SPIRES<\/a>.<\/p>\n<p style=\"text-align: justify;\">Il gruppo comprende 6 fisici staff e attualmente altre 5 persone fra borsisti, assegnisti, dottorandi. Numerosi sono anche i laureandi che hanno svolto attivit\u00e0 di tesi sui vari progetti in cui siamo coinvolti.<\/p>\n<p><strong>ALICE<\/strong><\/p>\n<p style=\"text-align: justify;\">(A\u00a0Large\u00a0Ion\u00a0Collider\u00a0Experiment) \u00e8 un esperimento che si svolge all&#8217;acceleratore\u00a0<a href=\"http:\/\/public.web.cern.ch\/public\/en\/LHC\/LHC-en.html\">LHC<\/a>\u00a0del\u00a0<a href=\"http:\/\/public.web.cern.ch\/public\/\">CERN<\/a>, dedicato allo studio della materia prodotta in collisioni tra ioni pesanti. Si tratta di una collaborazione internazionale, che coinvolge quasi 1000 ricercatori da 80 diversi istituti.<img loading=\"lazy\" class=\"size-medium wp-image-374 alignright\" src=\"http:\/\/wpress.ca.infn.it\/wp-content\/uploads\/2018\/09\/Alice-300x225.jpg\" alt=\"\" width=\"300\" height=\"225\" srcset=\"https:\/\/wpress.ca.infn.it\/wp-content\/uploads\/2018\/09\/Alice-300x225.jpg 300w, https:\/\/wpress.ca.infn.it\/wp-content\/uploads\/2018\/09\/Alice-768x576.jpg 768w, https:\/\/wpress.ca.infn.it\/wp-content\/uploads\/2018\/09\/Alice.jpg 792w\" sizes=\"(max-width: 300px) 100vw, 300px\" \/><\/p>\n<p style=\"text-align: justify;\">Il gruppo di Fisica Nucleare della sezione di Cagliari \u00e8 impegnato nello sviluppo del\u00a0software\u00a0e nell&#8217;analisi dei dati\u00a0dell&#8217;esperimento, oltre che nello sviluppo di due\u00a0rivelatori: un sistema di\u00a0camere traccianti\u00a0per lo spettrometro <strong>per muoni e un sistema di\u00a0calorimetri a zero gradi\u00a0ZDC.<\/strong><\/p>\n<p>&nbsp;<\/p>\n<p>&nbsp;<\/p>\n<p style=\"text-align: justify;\"><strong>CAMERE DI TRACCIAMENTO DELLO SPETTROMETRO PER MUONI DI ALICE<\/strong><\/p>\n<p style=\"text-align: justify;\">Nell\u2019ambito dell\u2019esperimento\u00a0<a href=\"http:\/\/aliceinfo.cern.ch\/\">ALICE<\/a>, attualmente in corso di istallazione presso il Large Hadron Collider (<a href=\"http:\/\/public.web.cern.ch\/public\/en\/LHC\/LHC-en.html\">LHC<\/a>) del\u00a0<a href=\"http:\/\/www.cern.ch\/\">CERN<\/a>, il gruppo partecipa alla <img loading=\"lazy\" class=\"size-medium wp-image-379 alignleft\" src=\"http:\/\/wpress.ca.infn.it\/wp-content\/uploads\/2018\/09\/muon-300x221.jpg\" alt=\"\" width=\"300\" height=\"221\" srcset=\"https:\/\/wpress.ca.infn.it\/wp-content\/uploads\/2018\/09\/muon-300x221.jpg 300w, https:\/\/wpress.ca.infn.it\/wp-content\/uploads\/2018\/09\/muon.jpg 400w\" sizes=\"(max-width: 300px) 100vw, 300px\" \/>realizzazione del sistema di\u00a0<a href=\"http:\/\/aliceinfo.cern.ch\/Public\/en\/Chapter2\/Chap2_dim_spec.html\">tracciamento per muoni<\/a>.<\/p>\n<p style=\"text-align: justify;\">Si tratta di un sistema di dieci piani di\u00a0camere proporzionali multifilo, collocate da un lato rispetto alla sezione centrale (barrel) dell\u2019apparato, con diametro fino a 5m, il cui scopo \u00e8 quello di ricostruire le tracce muoniche deflesse da un magnete dipolare, per la misura del loro impulso.<\/p>\n<p style=\"text-align: justify;\">Lo studio dei muoni nell\u2019ambito della fisica degli ioni pesanti, \u00e8 di estrema importanza per individuare i segnali di formazione del\u00a0Quark Gluon Plasma(QGP).<\/p>\n<p style=\"text-align: justify;\">Il sistema \u00e8 formato da\u00a0160 moduli\u00a0di rivelatore indipendenti con dimensioni fino a 2.40m, parte dei quali sono stati assemblati e collaudati presso la sezione di Cagliari dell\u2019INFN. Il gruppo collabora su questa attivit\u00e0 con istituti francesi, russi, indiani e sudafricani.<\/p>\n<p style=\"text-align: justify;\">Nell\u2019ambito di questo progetto, ci siamo occupati anche di sviluppare direttamente i circuiti stampati che costituiscono i piani catodici per le camere, il circuito di readout digitale dei rivelatori e\u00a0 il sistema di controllo delle alte e basse tensioni. Il gruppo partecipa inotre allo sviluppo del\u00a0trigger di alto livello (HLT),\u00a0basato sui segnali provenienti dalle camere di tracciamento e da quelle di trigger, il cui scopo \u00e8 quello di migliorare la selezione dei muoni con elevato impulso trasverso.<img loading=\"lazy\" class=\"size-medium wp-image-380 alignright\" src=\"http:\/\/wpress.ca.infn.it\/wp-content\/uploads\/2018\/09\/muon2-300x206.jpg\" alt=\"\" width=\"300\" height=\"206\" srcset=\"https:\/\/wpress.ca.infn.it\/wp-content\/uploads\/2018\/09\/muon2-300x206.jpg 300w, https:\/\/wpress.ca.infn.it\/wp-content\/uploads\/2018\/09\/muon2.jpg 400w\" sizes=\"(max-width: 300px) 100vw, 300px\" \/><\/p>\n<p>Questa attivit\u00e0 coinvolge il gruppo dal 1998 e ha visto impegnati circa 10 collaboratori fra Fisici, Tecnici, Dottorandi, Borsisti e Assegnisti.<\/p>\n<p><strong>ZDC<\/strong><\/p>\n<p>Il sistema dei\u00a0calorimetri a zero gradi\u00a0di ALICE (<a href=\"http:\/\/aliceinfo.cern.ch\/Public\/en\/Chapter2\/Chap2_ZDC-en.html\">ZDC<\/a>)\u00a0 \u00e8 sotto responsabilit\u00e0 italiana e coinvolge le sezioni INFN di Alessandria, Cagliari e Torino.<\/p>\n<p style=\"text-align: justify;\">Il progetto ZDC consiste in 2 coppie di\u00a0calorimetri adronici\u00a0e una coppia di\u00a0calorimetri elettromagnetici. Ciascuna coppia di calorimetri adronici \u00e8 posta a 116 m di distanza dal punto di interazione e serve a rivelare l\u2019energia portata dai nucleoni (protoni e neutroni, separati dagli elementi magnetici del collisionatore LHC) che non hanno partecipato alla collisione. L\u2019energia raccolta dai calorimetri \u00e8 proporzionale al parametro di impatto evento per evento e\u00a0fornir\u00e0 il trigger di centralit\u00e0dell\u2019esperimento ALICE.<\/p>\n<p style=\"text-align: justify;\"><img loading=\"lazy\" class=\"size-medium wp-image-381 alignleft\" src=\"http:\/\/wpress.ca.infn.it\/wp-content\/uploads\/2018\/09\/zdc3-300x233.jpg\" alt=\"\" width=\"300\" height=\"233\" srcset=\"https:\/\/wpress.ca.infn.it\/wp-content\/uploads\/2018\/09\/zdc3-300x233.jpg 300w, https:\/\/wpress.ca.infn.it\/wp-content\/uploads\/2018\/09\/zdc3.jpg 400w\" sizes=\"(max-width: 300px) 100vw, 300px\" \/><\/p>\n<p style=\"text-align: justify;\">E\u2019 inoltre previsto un sistema di scintillatori, collocati sopra e sotto ogni calorimetro, per calibrazione con i cosmici.<\/p>\n<p style=\"text-align: justify;\">Dopo una fase di ricerca e sviluppo che si \u00e8 protratta sino alla prima met\u00e0 del 2001, si \u00e8 passati alla fase costruttiva dei rivelatori finali: due rivelatori per neutroni (ZN1 e ZN2) e due per protoni (ZP1 e ZP2).<br \/>\nSi tratta di calorimetri in cui fibre di quarzo vengono inserite in una matrice di materiale pesante (lega di tungsteno per gli ZN e ottone per gli ZP). I segnali vengono trasportati dalle fibre di quarzo verso dei fotomoltiplicatori che convertono la luce in segnale elettrico.<\/p>\n<p style=\"text-align: justify;\">Nell&#8217;ambito di questo progetto il\u00a0gruppo di Cagliari\u00a0ha partecipato a tutte le fasi di progettazione, costruzione e test dei prototipi e dei rivelatori definitivi, che ha comportato la preparazione di parti degli apparati in sede, prima dell&#8217;assemblaggio al\u00a0<a href=\"http:\/\/www.cern.ch\/\">CERN<\/a>.<\/p>\n<p><strong>ANALISI DATI<\/strong><\/p>\n<p style=\"text-align: justify;\">Nel corso della realizzazione di ALICE abbiamo lavorato allo sviluppo degli strumenti\u00a0software per la simulazione, la ricostruzione e l&#8217;analisi dei dati, e alla valutazione delle\u00a0prestazioni dell&#8217;apparato\u00a0per la misura di alcuni canali di fisica particolarmente rilevanti.<br \/>\nRiportiamo una lista dei principali contributi:<\/p>\n<ul>\n<li>\u00e8 stata inserita la geometria dell&#8217;apparato nel programma di simulazione ed \u00e8 stata scritta una prima versione del software per la\u00a0ricostruzione dei cluster\u00a0nelle camere traccianti;<\/li>\n<li>\u00e8 stato sviluppato un sistema di\u00a0simulazione veloce\u00a0mediante la parametrizzazione della risposta dello spettrometro basata su lookup tables;<\/li>\n<li>sono state studiate le prestazioni dell&#8217;apparato per stabilire l&#8217;accuratezza aspettata nella misura delle distribuzioni di impulso trasverso per i\u00a0quarkonia\u00a0in collisioni centrali Pb-Pb;<\/li>\n<li>sono stati sviluppati dei\u00a0generatori Monte-Carlo\u00a0dedicati;<\/li>\n<li>sono stati studiati i processi che contribuiscono allo spettro di massa dei dimuoni in\u00a0collisioni p-p, con particolare attenzione alla regione del continuo e al fondo scorrelato;<\/li>\n<li>\u00e8 stata studiata la sottrazione del\u00a0fondo combinatoriale\u00a0mediante tecniche di\u00a0event mixing, e scritto il relativo codice;<\/li>\n<li>vengono studiati algoritmi di\u00a0deconvoluzione\u00a0per il miglioramento della risoluzione in massa invariante dei dimuoni;<\/li>\n<li>viene sviluppato il codice per le\u00a0correzioni di accettanza\u00a0ed efficienza nel correction framework di ALICE.<\/li>\n<\/ul>\n<p><img loading=\"lazy\" class=\"size-medium wp-image-378 alignleft\" src=\"http:\/\/wpress.ca.infn.it\/wp-content\/uploads\/2018\/09\/cosmic-analisi-dati-300x214.png\" alt=\"\" width=\"300\" height=\"214\" srcset=\"https:\/\/wpress.ca.infn.it\/wp-content\/uploads\/2018\/09\/cosmic-analisi-dati-300x214.png 300w, https:\/\/wpress.ca.infn.it\/wp-content\/uploads\/2018\/09\/cosmic-analisi-dati.png 450w\" sizes=\"(max-width: 300px) 100vw, 300px\" \/>Diversi argomenti trattati sono stati oggetto di\u00a0tesi di laurea\u00a0triennale, specialistica e di\u00a0dottorato.<\/p>\n<p>&nbsp;<\/p>\n<p>&nbsp;<\/p>\n<p>&nbsp;<\/p>\n<p>&nbsp;<\/p>\n<p>&nbsp;<\/p>\n<p><strong>NA60<\/strong><\/p>\n<p style=\"text-align: justify;\"><strong>Misure di muoni ad alta precisione in collisioni tra ioni: l&#8217;esperimento NA60<\/strong><\/p>\n<p style=\"text-align: justify;\">L&#8217;esperimento\u00a0<a href=\"http:\/\/na60.cern.ch\/\">NA60<\/a>\u00a0ha misurato al Super Proto Sincrotrone (SPS) del\u00a0<a href=\"http:\/\/www.cern.ch\/\">CERN<\/a>coppie di muoni, prodotte in collisioni tra ioni pesanti ultrarelativistici, con una\u00a0precisione senza precedenti.<img loading=\"lazy\" class=\"size-medium wp-image-382 alignright\" src=\"http:\/\/wpress.ca.infn.it\/wp-content\/uploads\/2018\/09\/na60_event-300x155.png\" alt=\"\" width=\"300\" height=\"155\" srcset=\"https:\/\/wpress.ca.infn.it\/wp-content\/uploads\/2018\/09\/na60_event-300x155.png 300w, https:\/\/wpress.ca.infn.it\/wp-content\/uploads\/2018\/09\/na60_event.png 400w\" sizes=\"(max-width: 300px) 100vw, 300px\" \/><\/p>\n<p style=\"text-align: justify;\">Lo scopo di queste misure \u00e8 di dimostrare l&#8217;esistenza di uno stato della materia noto come &#8220;<strong>Quark Gluon Plasma<\/strong>&#8221; e stabilire le propriet\u00e0 della materia adronica in condizioni di temperatura e pressione estreme. I dati sono stati raccolti tra il 2002 ed il 2004 e la loro analisi \u00e8 ancora in corso.<\/p>\n<p style=\"text-align: justify;\">Il nostro gruppo ha partecipato all&#8217;esperimento con varie responsabilit\u00e0; dal 2005, inoltre, il ruolo di spokesman dell&#8217;esperimento \u00e8 ricoperto da un membro del nostro gruppo. Inizialmente abbiamo partecipato allo sviluppo del rivelatore pi\u00f9 innovativo dell&#8217;esperimento (il rivelatore di vertice a pixel di silicio resistenti alle radiazioni) e ci siamo occupati dell&#8217;elettronica di readout dell&#8217;intero esperimento. Successivamente abbiamo portato avanti diverse analisi, occupandoci in particolare della misura di molteplicit\u00e0 di particelle cariche e della produzione di mesone phi.<\/p>\n<p style=\"text-align: justify;\"><strong>ELETTRONICA<\/strong><\/p>\n<p style=\"text-align: justify;\">Gli esperimenti di fisica delle alte energia spesso richiedono una\u00a0elettronica\u00a0&#8220;su misura&#8221; (custom) per la lettura dei dati dai rivelatori e la loro processazione. Il nostro gruppo \u00e8 impegnato anche dello sviluppo di queti moduli.<\/p>\n<p><img loading=\"lazy\" class=\"size-full wp-image-569 alignright\" src=\"https:\/\/mafalda.ca.infn.it\/wp-content\/uploads\/2018\/06\/CFD_small-elettronica.png\" alt=\"\" width=\"200\" height=\"128\" \/><\/p>\n<p>Tra gli ultimi progetti realizzati, rientrano:<\/p>\n<ul>\n<li>Una scheda\u00a0PCI\u00a0&#8220;general purpose&#8221; e diverse schede figlie per il readout dell&#8217;esperimento NA60<\/li>\n<li>Un circuito integrato in tecnologia\u00a0VLSI\u00a0per la lettura dei dati delle camere per muoni dell&#8217;esperimento ALICE<\/li>\n<li>Un sistema di acquisizione\u00a0VME\u00a0per i calorimetri a zero gradi dell&#8217;esperimento ALICE<\/li>\n<\/ul>\n<p>&nbsp;<\/p>\n<p><strong>PROGETTO EXTREME ENERGY EVENTS (EEE)<\/strong><\/p>\n<p style=\"text-align: justify;\">Il gruppo \u00e8 coinvolto dal 2006 nel progetto EEE, il cui scopo \u00e8 lo studio di muoni, appartenenti a sciami cosmici, attraverso una catena di rivelatori istallati presso scuole superiori italiane. Il progetto, ideato e guidato dal Prof. A. Zichichi, si propone di rivelare e studiare gli sciami di elevatissime energie (fino a 1020 eV), attraverso la rivelazione simultanea di muoni sui rivelatori attivi.<img loading=\"lazy\" class=\"size-medium wp-image-414 alignright\" src=\"http:\/\/wpress.ca.infn.it\/wp-content\/uploads\/2018\/09\/EEE-CA-300x199.jpg\" alt=\"\" width=\"300\" height=\"199\" srcset=\"https:\/\/wpress.ca.infn.it\/wp-content\/uploads\/2018\/09\/EEE-CA-300x199.jpg 300w, https:\/\/wpress.ca.infn.it\/wp-content\/uploads\/2018\/09\/EEE-CA.jpg 450w\" sizes=\"(max-width: 300px) 100vw, 300px\" \/><\/p>\n<p style=\"text-align: justify;\">Questo progetto \u00e8 l\u2019occasione per coinvolgere gli studenti degli isitituti superiori in un vero e proprio esperimento di fisica delle particelle, dalla fase di assemblaggio dei rivelatori, a quella di istallazione, raccolta dati, analisi.<\/p>\n<p style=\"text-align: justify;\">I rivelatori impiegati sono MRPC (Multigap Resistive Plate Chambers), del tutto simili a quelli impigati per il sistema di misura del tempo di volo (TOF) dell\u2019esperimento ALICE.<\/p>\n<p style=\"text-align: justify;\">A Cagliari le scuole coinvolte nel progetto sono i licei scientifici\u00a0Alberti,\u00a0<a href=\"http:\/\/eee.liceomichelangelo.it\/\">Michelangelo<\/a>\u00a0e\u00a0<a href=\"http:\/\/eeepacinotti.blogspot.com\/2008\/08\/un-blog-per-eee.html\">Pacinotti<\/a>. A partire dal mese di aprile 2008 sono stati istallati i rivelatori del Pacinotti e del Michelangelo ed assemblato il rivelatore per l\u2019Alberti.<\/p>\n<p style=\"text-align: justify;\">Nell\u2019Aprile del 2009 i due primi rivelatori hanno cominciato a prendere dati regolarmente.<br \/>\nGli studenti hanno partecipato insieme ai loro docenti, ed ai ricercatori e tecnici INFN alle fasi di assemblaggio di uno dei telescopi nel mese di Marzo 2009 (foto).<\/p>\n<p><img loading=\"lazy\" class=\"size-medium wp-image-415 alignleft\" src=\"http:\/\/wpress.ca.infn.it\/wp-content\/uploads\/2018\/09\/Corrado_Cicalo-1-300x300.jpg\" alt=\"\" width=\"300\" height=\"300\" srcset=\"https:\/\/wpress.ca.infn.it\/wp-content\/uploads\/2018\/09\/Corrado_Cicalo-1-300x300.jpg 300w, https:\/\/wpress.ca.infn.it\/wp-content\/uploads\/2018\/09\/Corrado_Cicalo-1-150x150.jpg 150w, https:\/\/wpress.ca.infn.it\/wp-content\/uploads\/2018\/09\/Corrado_Cicalo-1.jpg 512w\" sizes=\"(max-width: 300px) 100vw, 300px\" \/><\/p>\n<p style=\"text-align: justify;\">La sezione, e il nostro gruppo in particolare, ha il ruolo di coordinamento locale del progetto, partecipa alle varie fasi e guida docenti e studenti nelle diverse attivit\u00e0. Ha inoltre un ruolo decisivo nelle attivit\u00e0 di analisi dati.<\/p>\n<p style=\"text-align: justify;\">Su questo progetto, attualmente in piena fase di funzionamento, sono disponibili\u00a0tesi di laurea triennali e magistrali\u00a0sia sulla parte dedicata al rivelatore che sulla analisi dati. Per maggiori informazioni rivolgersi a corr&#97;&#100;&#111;&#46;&#99;&#105;&#99;&#x61;&#x6c;&#x6f;&#x40;&#x63;&#x61;&#x2e;&#x69;&#x6e;fn&#46;i&#116;<\/p>\n","protected":false},"excerpt":{"rendered":"<p>Coordinatore: Gianluca Usai Stanza: 2B25 Telefono: + 39 070 675 4906 EMail:\u00a0&#103;&#x69;&#x61;&#110;&#x6c;&#x75;c&#x61;&#x2e;u&#115;&#x61;i&#64;&#x63;a&#46;&#x69;n&#102;&#x6e;&#46;&#105;&#x74; Sito Web Gruppo3 &nbsp; Le attivit\u00e0 di ricerca del terzo gruppo sono coordinate a livello nazionale dalla\u00a0Commissione Scientifica Nazionale 3. Dal 1989 il gruppo di Fisica Nucleare della Sezione di Cagliari si occupa di ricerca nel campo della fisica nucleare sperimentale, nell&#8217;ambito di [&hellip;]<\/p>\n","protected":false},"author":5,"featured_media":0,"parent":0,"menu_order":0,"comment_status":"closed","ping_status":"closed","template":"","meta":{"_editorskit_title_hidden":false,"_editorskit_reading_time":0,"_editorskit_is_block_options_detached":false,"_editorskit_block_options_position":"{}"},"_links":{"self":[{"href":"https:\/\/wpress.ca.infn.it\/index.php?rest_route=\/wp\/v2\/pages\/30"}],"collection":[{"href":"https:\/\/wpress.ca.infn.it\/index.php?rest_route=\/wp\/v2\/pages"}],"about":[{"href":"https:\/\/wpress.ca.infn.it\/index.php?rest_route=\/wp\/v2\/types\/page"}],"author":[{"embeddable":true,"href":"https:\/\/wpress.ca.infn.it\/index.php?rest_route=\/wp\/v2\/users\/5"}],"replies":[{"embeddable":true,"href":"https:\/\/wpress.ca.infn.it\/index.php?rest_route=%2Fwp%2Fv2%2Fcomments&post=30"}],"version-history":[{"count":16,"href":"https:\/\/wpress.ca.infn.it\/index.php?rest_route=\/wp\/v2\/pages\/30\/revisions"}],"predecessor-version":[{"id":2105,"href":"https:\/\/wpress.ca.infn.it\/index.php?rest_route=\/wp\/v2\/pages\/30\/revisions\/2105"}],"wp:attachment":[{"href":"https:\/\/wpress.ca.infn.it\/index.php?rest_route=%2Fwp%2Fv2%2Fmedia&parent=30"}],"curies":[{"name":"wp","href":"https:\/\/api.w.org\/{rel}","templated":true}]}}