{"id":2901,"date":"2020-09-25T18:49:44","date_gmt":"2020-09-25T16:49:44","guid":{"rendered":"https:\/\/wpress.ca.infn.it\/?page_id=2901"},"modified":"2021-11-11T16:57:32","modified_gmt":"2021-11-11T15:57:32","slug":"registrazione-utente","status":"publish","type":"page","link":"https:\/\/wpress.ca.infn.it\/?page_id=2901","title":{"rendered":"Registrazione Utente"},"content":{"rendered":"\n<p>Per ottenere l&#8217;accesso alle risorse informatiche della Sezione di Cagliari \u00e8 necessario creare un profilo utente nel sito INFN con i seguenti passi:<\/p>\n\n\n\n<ol><li>Registrarsi con il sito<a rel=\"noreferrer noopener\" href=\"https:\/\/signup.app.infn.it\/\" target=\"_blank\"> https:\/\/signup.app.infn.it\/<\/a> (ai fini della registrazione si eviti di inserire indirizzi mail istituzionali) <strong>Chi usa lo\u00a0SPID,\u00a0pu\u00f2\u00a0passare\u00a0direttamente\u00a0al\u00a0punto\u00a0successivo<\/strong>. Per chiarimenti consultare l&#8217;indirizzo: <a rel=\"noreferrer noopener\" href=\"https:\/\/wiki.infn.it\/cn\/ccr\/aai\/doc\/rid\/istruzioni\/signup\/1.0-ita\" target=\"_blank\">Signup Help<\/a>   <\/li><li>Dopo la registrazione collegarsi al sito<a rel=\"noreferrer noopener\" href=\"https:\/\/userportal.app.infn.it\/\" target=\"_blank\"> https:\/\/userportal.app.infn.it\/<\/a> con le credenziali appena inserite, qui l&#8217;utente potr\u00e0:<ul><li>Inserire i propri dati anagrafici necessari per il riconoscimento<\/li><li>Scegliere la Sede ed il Contatto (approvatore) che dovr\u00e0 approvare la richiesta di accesso alle risorse informatiche<\/li><li>Prendere visione ed accettare il disciplinare per l&#8217;utilizzo delle risorse informatiche dell&#8217;INFN<\/li><li>Prendere visione dell&#8217;informativa al trattamento dei dati personali<\/li><\/ul><\/li><li>All&#8217;approvazione della richiesta da parte della persona di contatto scelta l&#8217;utente ricever\u00e0 un mail di conferma con l&#8217;avviso che verr\u00e0 contattato dall&#8217;ufficio preposto al riconoscimento dell&#8217;identit\u00e0. <strong>Chi usa lo\u00a0SPID,\u00a0pu\u00f2\u00a0passare\u00a0direttamente\u00a0al\u00a0punto\u00a0successivo<\/strong>.<\/li><li>Dopo l&#8217;espletamento del precedente punto sar\u00e0 possibile per l&#8217;utente  completare il <a rel=\"noreferrer noopener\" href=\"https:\/\/elearning.infn.it\/course\/view.php?id=105\" target=\"_blank\" data-type=\"URL\" data-id=\"https:\/\/elearning.infn.it\/course\/view.php?id=105\">corso OBBLIGATORIO sulla sicurezza<\/a> informatica . <\/li><li>Dopo il completamento del corso l&#8217;utente potr\u00e0 procedere all&#8217;eventuale<a rel=\"noreferrer noopener\" href=\"https:\/\/websrv.ca.infn.it\/forms\/account\/index.php\" target=\"_blank\"> richiesta di un account<\/a> per la sede scelta.<\/li><\/ol>\n\n\n\n<p>Una volta fatta la richiesta (del punto 5) l&#8217;utente riceve un mail all\u2019indirizzo specificato durante la registrazione contenente varie informazioni tra le quali i passi per finalizzare l\u2019attivazione dell\u2019account.<\/p>\n","protected":false},"excerpt":{"rendered":"<p>Per ottenere l&#8217;accesso alle risorse informatiche della Sezione di Cagliari \u00e8 necessario creare un profilo utente nel sito INFN con i seguenti passi: Registrarsi con il sito https:\/\/signup.app.infn.it\/ (ai fini della registrazione si eviti di inserire indirizzi mail istituzionali) Chi usa lo\u00a0SPID,\u00a0pu\u00f2\u00a0passare\u00a0direttamente\u00a0al\u00a0punto\u00a0successivo. Per chiarimenti consultare l&#8217;indirizzo: Signup Help Dopo la registrazione collegarsi al sito https:\/\/userportal.app.infn.it\/ [&hellip;]<\/p>\n","protected":false},"author":5,"featured_media":0,"parent":0,"menu_order":0,"comment_status":"closed","ping_status":"closed","template":"","meta":{"_editorskit_title_hidden":false,"_editorskit_reading_time":1,"_editorskit_is_block_options_detached":false,"_editorskit_block_options_position":"{}"},"_links":{"self":[{"href":"https:\/\/wpress.ca.infn.it\/index.php?rest_route=\/wp\/v2\/pages\/2901"}],"collection":[{"href":"https:\/\/wpress.ca.infn.it\/index.php?rest_route=\/wp\/v2\/pages"}],"about":[{"href":"https:\/\/wpress.ca.infn.it\/index.php?rest_route=\/wp\/v2\/types\/page"}],"author":[{"embeddable":true,"href":"https:\/\/wpress.ca.infn.it\/index.php?rest_route=\/wp\/v2\/users\/5"}],"replies":[{"embeddable":true,"href":"https:\/\/wpress.ca.infn.it\/index.php?rest_route=%2Fwp%2Fv2%2Fcomments&post=2901"}],"version-history":[{"count":15,"href":"https:\/\/wpress.ca.infn.it\/index.php?rest_route=\/wp\/v2\/pages\/2901\/revisions"}],"predecessor-version":[{"id":3221,"href":"https:\/\/wpress.ca.infn.it\/index.php?rest_route=\/wp\/v2\/pages\/2901\/revisions\/3221"}],"wp:attachment":[{"href":"https:\/\/wpress.ca.infn.it\/index.php?rest_route=%2Fwp%2Fv2%2Fmedia&parent=2901"}],"curies":[{"name":"wp","href":"https:\/\/api.w.org\/{rel}","templated":true}]}}