{"id":2803,"date":"2020-03-20T18:41:28","date_gmt":"2020-03-20T17:41:28","guid":{"rendered":"https:\/\/wpress.ca.infn.it\/?page_id=2803"},"modified":"2020-03-30T17:18:44","modified_gmt":"2020-03-30T15:18:44","slug":"famelab-sardegna","status":"publish","type":"page","link":"https:\/\/wpress.ca.infn.it\/?page_id=2803","title":{"rendered":"FameLab Sardegna"},"content":{"rendered":"\n<p><em>Torna in Sardegna dopo la prima edizione del 2017 a Cagliari, <strong>FameLab Sardegna<\/strong>, l&#8217;evento di divulgazione scientifica per studenti, dottorandi e ricercatori.<\/em><\/p>\n\n\n\n<div class=\"wp-block-image\"><figure class=\"aligncenter size-large is-resized\"><img loading=\"lazy\" src=\"https:\/\/wpress.ca.infn.it\/wp-content\/uploads\/2020\/03\/Famelab_SARDEGNA_A3-ita_ese-1-725x1024.jpg\" alt=\"\" class=\"wp-image-2805\" width=\"330\" height=\"466\" srcset=\"https:\/\/wpress.ca.infn.it\/wp-content\/uploads\/2020\/03\/Famelab_SARDEGNA_A3-ita_ese-1-725x1024.jpg 725w, https:\/\/wpress.ca.infn.it\/wp-content\/uploads\/2020\/03\/Famelab_SARDEGNA_A3-ita_ese-1-213x300.jpg 213w, https:\/\/wpress.ca.infn.it\/wp-content\/uploads\/2020\/03\/Famelab_SARDEGNA_A3-ita_ese-1-768x1084.jpg 768w, https:\/\/wpress.ca.infn.it\/wp-content\/uploads\/2020\/03\/Famelab_SARDEGNA_A3-ita_ese-1-1088x1536.jpg 1088w, https:\/\/wpress.ca.infn.it\/wp-content\/uploads\/2020\/03\/Famelab_SARDEGNA_A3-ita_ese-1-1451x2048.jpg 1451w, https:\/\/wpress.ca.infn.it\/wp-content\/uploads\/2020\/03\/Famelab_SARDEGNA_A3-ita_ese-1-scaled.jpg 1814w\" sizes=\"(max-width: 330px) 100vw, 330px\" \/><\/figure><\/div>\n\n\n\n<p>FameLab \u00e8 il contest della scienza che porta i ricercatori sul palco con la sfida di una comunicazione con convenzionale: tre minuti di tempo per parlare della propria ricerca senza l&#8217;utilizzo di slide. Sono consentiti oggetti, strumenti musicali che possono fare da cornice alle esibizioni dei concorrenti. Possono partecipare studenti, dottorandi, post-doc e ricercatori in ambito scientifico ( delle discipline &#8220;STEM &#8211; Science, Technology Engineering and Mathematics&#8221;) dai 21 ai 40 anni.<\/p>\n\n\n\n<h4>FameLab, il talent show della scienza<\/h4>\n\n\n\n<p>Ideato nel 2005 dal Cheltenham Science Festival, FameLab coinvolge oggi oltre 30 paesi in tutto il mondo e dal 2012 si svolge in Italia grazie alla collaborazione tra Psiquadro, coordinatore nazionale, e British Council Italia, l\u2019ente culturale britannico che ne ha promosso la diffusione a livello globale.<\/p>\n\n\n\n<p>Dal 2012 ad oggi FameLab Italia ha toccato 20 citt\u00e0 e coinvolto oltre 900 giovani ricercatori grazie ad una collaborazione con pi\u00f9 di 70 partner culturali tra Universit\u00e0, Istituti di Ricerca e enti pubblici, societ\u00e0 di comunicazione della scienza, musei e media partner.&nbsp;<\/p>\n\n\n\n<p>FAMELAB 2020 coinvolge 15 citt\u00e0 nelle quali sono stati selezionati i 22 finalisti che parteciperanno alla masterclass in comunicazione della scienza in vista della finale nazionale di Trieste e della finale internazionale di Cheltenham (UK).<\/p>\n\n\n\n<h4>FameLab Sardegna<\/h4>\n\n\n\n<p>Dopo tre anni di assenza, la manifestazione torna in Sardegna in versione allargata, abbracciando tutta l&#8217;isola. Tre le citt\u00e0 coinvolte: <strong>Cagliari<\/strong>, <strong>Sassari<\/strong> e <strong>Nuoro<\/strong>. <br>L&#8217;evento \u00e8 organizzato a livello nazionale della societ\u00e0 <strong>Psiquadro<\/strong>, mentre in Sardegna vede la collaborazione tra enti di ricerca e istituzioni regionali: <strong>sezione di Cagliari dell&#8217;Istituto Nazionale di Fisica Nucleare<\/strong>, coordinatrice del progetto, <strong>INAF &#8211; Osservatorio Astronomico di Cagliari<\/strong>, <strong>Dipartimento di Fisica <\/strong>e<strong> Piano Lauree Scientifiche &#8211; Fisica<\/strong> dell&#8217;<strong>Universit\u00e0 di Cagliari<\/strong>, <strong>Universit\u00e0 di Sassari<\/strong>, <strong>Comune di Nuoro<\/strong>, <strong>Consorzio Universitario Nuorese<\/strong>, <strong>CRS4<\/strong>, associazione <strong>IDeAS<\/strong> e associazione <strong>Laboratorio Scienza<\/strong>. <\/p>\n\n\n\n<p>I concorrenti di FameLab Sardegna si troveranno dapprima a superare le preselezioni nelle citt\u00e0 di Cagliari e Sassari per poi approdare alla finale nella citt\u00e0 di Nuoro. Per tutti gli iscritti ci sar\u00e0 anche la possibilit\u00e0 di partecipare a una masterclass gratuita in divulgazione scientifica tenuta dagli esperti di Psiquadro.<br><br>I primi due classificati potranno partecipare a una <strong>masterclass in divulgazione scientifica a Perugia e alla finale nazionale a Trieste<\/strong>.<\/p>\n\n\n\n<p>Questo il calendario degli eventi prima edizione di FameLab Sardegna:<\/p>\n\n\n\n<ul><li>14 Febbraio 2020: Masterclass in divulgazione scientifica presso il Dipartimento di Fisica, Cittadella Universitaria di Monserrato<\/li><li>20 Febbraio 2020: Preselezione Sassari, Aula Magna di via Vienna, Sassari<\/li><li>21 Febbraio 2020: Preselezione Cagliari, Teatro Massimo<\/li><li>12 Marzo 2020: Finale di Nuoro, teatro Eliseo<\/li><\/ul>\n\n\n\n<p>Per restare aggiornati sull&#8217;evento potete visitare il sito <a href=\"http:\/\/famelab-italy.it\/famelab-sardegna\/\">http:\/\/famelab-italy.it\/famelab-sardegna\/<\/a><\/p>\n\n\n\n<h4>FameLab Sardegna 2020 News<\/h4>\n\n\n\n<p>Si \u00e8 conclusa l&#8217;edizione 2020 di FameLab Sardegna. Il <strong>vincitore <\/strong>\u00e8<strong> Giovanni Rivieccio<\/strong> dell&#8217;Universit\u00e0 di Sassari.<br>Questo il podio:<br>&#8211; <strong>1\u00b0 Giovanni Rivieccio, UNISS<\/strong><br>&#8211; <strong>2\u00b0 Alice Mulliri, UNICA e INFN Cagliari<\/strong><br>&#8211; <strong>3\u00b0 Alessandro Loni, UNICA e INAF &#8211; OAC<\/strong><\/p>\n\n\n\n<p>A <a href=\"https:\/\/wpress.ca.infn.it\/?p=2833\" target=\"_blank\" rel=\"noreferrer noopener\">questo link<\/a> \u00e8 possibile leggere il comunicato stampa relativo all&#8217;esito del concorso sardo. <\/p>\n\n\n\n<p><\/p>\n","protected":false},"excerpt":{"rendered":"<p>Torna in Sardegna dopo la prima edizione del 2017 a Cagliari, FameLab Sardegna, l&#8217;evento di divulgazione scientifica per studenti, dottorandi e ricercatori. FameLab \u00e8 il contest della scienza che porta i ricercatori sul palco con la sfida di una comunicazione con convenzionale: tre minuti di tempo per parlare della propria ricerca senza l&#8217;utilizzo di slide. [&hellip;]<\/p>\n","protected":false},"author":6,"featured_media":0,"parent":0,"menu_order":0,"comment_status":"closed","ping_status":"closed","template":"","meta":{"_editorskit_title_hidden":false,"_editorskit_reading_time":0,"_editorskit_is_block_options_detached":false,"_editorskit_block_options_position":"{}"},"_links":{"self":[{"href":"https:\/\/wpress.ca.infn.it\/index.php?rest_route=\/wp\/v2\/pages\/2803"}],"collection":[{"href":"https:\/\/wpress.ca.infn.it\/index.php?rest_route=\/wp\/v2\/pages"}],"about":[{"href":"https:\/\/wpress.ca.infn.it\/index.php?rest_route=\/wp\/v2\/types\/page"}],"author":[{"embeddable":true,"href":"https:\/\/wpress.ca.infn.it\/index.php?rest_route=\/wp\/v2\/users\/6"}],"replies":[{"embeddable":true,"href":"https:\/\/wpress.ca.infn.it\/index.php?rest_route=%2Fwp%2Fv2%2Fcomments&post=2803"}],"version-history":[{"count":7,"href":"https:\/\/wpress.ca.infn.it\/index.php?rest_route=\/wp\/v2\/pages\/2803\/revisions"}],"predecessor-version":[{"id":2841,"href":"https:\/\/wpress.ca.infn.it\/index.php?rest_route=\/wp\/v2\/pages\/2803\/revisions\/2841"}],"wp:attachment":[{"href":"https:\/\/wpress.ca.infn.it\/index.php?rest_route=%2Fwp%2Fv2%2Fmedia&parent=2803"}],"curies":[{"name":"wp","href":"https:\/\/api.w.org\/{rel}","templated":true}]}}