{"id":19,"date":"2018-04-11T21:25:17","date_gmt":"2018-04-11T19:25:17","guid":{"rendered":"http:\/\/epifani.eu\/infn\/sezioni_wp\/?page_id=19"},"modified":"2018-10-28T17:10:34","modified_gmt":"2018-10-28T16:10:34","slug":"la-sezione-di-milano","status":"publish","type":"page","link":"https:\/\/wpress.ca.infn.it\/?page_id=19","title":{"rendered":"La Sezione di Cagliari"},"content":{"rendered":"<p style=\"text-align: justify;\">L&#8217;Istituto Nazionale di Fisica Nucleare \u00e8 l&#8217;ente nazionale per la ricerca scientifica, teorica, sperimentale ed applicata, nel campo della fisica nucleare, subnucleare e fondamentale.<\/p>\n<p style=\"text-align: justify;\">L&#8217;Istituto opera in molte regioni d&#8217;Italia con Sezioni, a cui viene attribuita grande indipendenza, coordinate a livello nazionale: dal Consiglio Direttivo a cui prendono parte i Direttori di ciascuna Sezione, per quanto riguarda gli aspetti amministrativi, e da cinque Commissioni Scientifiche a cui partecipano i coordinatori locali per quanto riguarda le\u00a0<a href=\"http:\/\/wpress.ca.infn.it\/?page_id=500\" target=\"_blank\" rel=\"noopener\">attivit\u00e0 di ricerca.<\/a><\/p>\n<p style=\"text-align: justify;\">In Sardegna l&#8217;Istituto Nazionale di Fisica Nucleare opera in stretta collaborazione con il <a href=\"http:\/\/www.dsf.unica.it\/\" target=\"_blank\" rel=\"noopener\">Dipartimento di Fisica<\/a> dell\u2019Universit\u00e0 degli Studi di Cagliari.<\/p>\n<p style=\"text-align: justify;\"><strong><img loading=\"lazy\" class=\"size-medium wp-image-364 alignleft\" src=\"http:\/\/wpress.ca.infn.it\/wp-content\/uploads\/2018\/09\/1251209370380citt_monserrato_scorcio01-300x231.jpg\" alt=\"\" width=\"300\" height=\"231\" srcset=\"https:\/\/wpress.ca.infn.it\/wp-content\/uploads\/2018\/09\/1251209370380citt_monserrato_scorcio01-300x231.jpg 300w, https:\/\/wpress.ca.infn.it\/wp-content\/uploads\/2018\/09\/1251209370380citt_monserrato_scorcio01.jpg 390w\" sizes=\"(max-width: 300px) 100vw, 300px\" \/>La Sezione di Cagliari<\/strong>, attiva da 25 anni, \u00a0\u00e8 tra le pi\u00f9 giovani e pi\u00f9 piccole Sezioni dell\u2019INFN.<\/p>\n<p style=\"text-align: justify;\">A dispetto delle dimensioni a Cagliari sono presenti attivit\u00e0 in tutte le 5 aree di ricerca in cui opera l\u2019INFN. I principali laboratori interessati sono il CERN (esprimenti ALICE e LHCb ad LHC e SHIP all\u2019 SPS) e i Laboratori Nazionali del Gran Sasso (esperimento DARKSIDE \u2013 Progetto ARIA).<\/p>\n<p style=\"text-align: justify;\">Cagliari ha il coordinamento nazionale degli\u00a0 esperimenti LHCb, SHIP e TIMESPOT e ha avuto in passato il coordinamento di ALICE e la guida internazionale dell\u2019esperimento NA60.<\/p>\n<p style=\"text-align: justify;\">Il gruppo teorico \u00e8 attivo in due rilevanti iniziative nazionali.<\/p>\n<p style=\"text-align: justify;\">A Cagliari \u00e8 sempre stata molto marcata l\u2019attivit\u00e0 in progetti esterni, con particolare rilevanza nel settore ICT ed impatto sia internazionale sia sul territorio. I suoi ricercatori sono stati alla guida di progetti EU nel Programma Infrastructures, Progetti Grande Rilevanza del Ministero degli Affari Esteri, Progetti CERN in ambito ICT (LHC Computing Grid), di grandi iniziative nazionali e regionali (Programma Operativo Nazionale della Ricerca, PRIN, POR etc.)<\/p>\n<p style=\"text-align: justify;\">La sezione di Cagliari \u00e8 costituita oggi da circa 40 dipendenti, di cui pi\u00f9 della meta&#8217; riceratori o tecnologi, oltre a 10 borsisti e assegnisti. Il personale associato alla sezione di Cagliari, costituito principalmente da personale dell\u2019Universit\u00e0 degli Studi di Cagliari, \u00e8 composto da circa 20 unit\u00e0.<\/p>\n<p style=\"text-align: justify;\">La sezione \u00e8 organizzata al suo interno con attrezzature e personale dedicati a sostenere l\u2019attivit\u00e0 di ricerca ed allo sviluppo di attrezzature tecnologicamente avanzate attraverso i servizi di elettronica, di officina meccanica e progettazione, di calcolo, oltre alla presenza del servizio di direzione ed all\u2019amministrazione.<\/p>\n<p style=\"text-align: justify;\">La sezione di Cagliari \u00e8 coinvolta in varie attivit\u00e0 nel settore della fisica delle particelle, delle astroparticelle, fisica nucleare, fisica teorica e sviluppo di nuove tecnologie.<\/p>\n","protected":false},"excerpt":{"rendered":"<p>L&#8217;Istituto Nazionale di Fisica Nucleare \u00e8 l&#8217;ente nazionale per la ricerca scientifica, teorica, sperimentale ed applicata, nel campo della fisica nucleare, subnucleare e fondamentale. L&#8217;Istituto opera in molte regioni d&#8217;Italia con Sezioni, a cui viene attribuita grande indipendenza, coordinate a livello nazionale: dal Consiglio Direttivo a cui prendono parte i Direttori di ciascuna Sezione, per [&hellip;]<\/p>\n","protected":false},"author":5,"featured_media":0,"parent":0,"menu_order":0,"comment_status":"closed","ping_status":"closed","template":"","meta":{"_editorskit_title_hidden":false,"_editorskit_reading_time":0,"_editorskit_is_block_options_detached":false,"_editorskit_block_options_position":"{}"},"_links":{"self":[{"href":"https:\/\/wpress.ca.infn.it\/index.php?rest_route=\/wp\/v2\/pages\/19"}],"collection":[{"href":"https:\/\/wpress.ca.infn.it\/index.php?rest_route=\/wp\/v2\/pages"}],"about":[{"href":"https:\/\/wpress.ca.infn.it\/index.php?rest_route=\/wp\/v2\/types\/page"}],"author":[{"embeddable":true,"href":"https:\/\/wpress.ca.infn.it\/index.php?rest_route=\/wp\/v2\/users\/5"}],"replies":[{"embeddable":true,"href":"https:\/\/wpress.ca.infn.it\/index.php?rest_route=%2Fwp%2Fv2%2Fcomments&post=19"}],"version-history":[{"count":9,"href":"https:\/\/wpress.ca.infn.it\/index.php?rest_route=\/wp\/v2\/pages\/19\/revisions"}],"predecessor-version":[{"id":1139,"href":"https:\/\/wpress.ca.infn.it\/index.php?rest_route=\/wp\/v2\/pages\/19\/revisions\/1139"}],"wp:attachment":[{"href":"https:\/\/wpress.ca.infn.it\/index.php?rest_route=%2Fwp%2Fv2%2Fmedia&parent=19"}],"curies":[{"name":"wp","href":"https:\/\/api.w.org\/{rel}","templated":true}]}}